{"id":1182,"date":"2014-09-30T21:56:15","date_gmt":"2014-09-30T19:56:15","guid":{"rendered":"http:\/\/www.sg-roppen.com\/sg\/?page_id=1182"},"modified":"2026-04-21T17:07:21","modified_gmt":"2026-04-21T15:07:21","slug":"vorstehung","status":"publish","type":"page","link":"https:\/\/www.sg-roppen.com\/sg\/unser-verein\/vorstehung\/","title":{"rendered":"Vorstehung"},"content":{"rendered":"<div id=\"osm\">\n<div id=\"osmtext\" style=\"float: left; width: 300px; height: 100px;\">\n<h5>Obersch\u00fctzenmeister und Jugendbetreuer<\/h5>\n<p>Norbert Stefani<\/p>\n<\/div>\n<div id=\"sm1bild\"><a href=\"https:\/\/www.sg-roppen.com\/sg\/schuetzen\/luftgewehr\/stefani-norbert\/\"><img loading=\"lazy\" decoding=\"async\" class=\"aligleft alignnone wp-image-258\" src=\"https:\/\/www.sg-roppen.com\/sg\/wp-content\/uploads\/2014\/02\/NorbertS-300x198.jpg\" alt=\"\" width=\"140\" height=\"92\" srcset=\"https:\/\/www.sg-roppen.com\/sg\/wp-content\/uploads\/2014\/02\/NorbertS-300x198.jpg 300w, https:\/\/www.sg-roppen.com\/sg\/wp-content\/uploads\/2014\/02\/NorbertS.jpg 650w\" sizes=\"auto, (max-width: 140px) 100vw, 140px\" \/><\/a><\/div>\n<\/div>\n<hr style=\"clear: left;\" \/>\n<div id=\"sm1\">\n<div id=\"sm1text\" style=\"float: left; width: 300px; height: 100px;\">\n<h5>Sch\u00fctzenmeister<br \/>\nEhren-Obersch\u00fctzenmeister<\/h5>\n<p>Gebhard Ennemoser<\/p>\n<\/div>\n<div id=\"osmbild\"><a href=\"https:\/\/www.sg-roppen.com\/sg\/schuetzen\/luftgewehr\/ennemoser-gebhard\/\"><img loading=\"lazy\" decoding=\"async\" class=\"alignnone wp-image-267\" src=\"https:\/\/www.sg-roppen.com\/sg\/wp-content\/uploads\/2014\/02\/GebhardE-300x198.jpg\" alt=\"\" width=\"140\" height=\"93\" srcset=\"https:\/\/www.sg-roppen.com\/sg\/wp-content\/uploads\/2014\/02\/GebhardE-300x198.jpg 300w, https:\/\/www.sg-roppen.com\/sg\/wp-content\/uploads\/2014\/02\/GebhardE.jpg 650w\" sizes=\"auto, (max-width: 140px) 100vw, 140px\" \/><\/a><\/div>\n<\/div>\n<hr style=\"clear: left;\" \/>\n<div id=\"sr5\">\n<div id=\"sr5text\" style=\"float: left; width: 300px; height: 100px;\">\n<h5>Sch\u00fctzenmeister<\/h5>\n<p>Johannes Stefani<\/p>\n<\/div>\n<div id=\"sr5bild\">\n<p><a href=\"https:\/\/www.sg-roppen.com\/sg\/schuetzen\/luftgewehr\/stefani-johannes\/\"><img loading=\"lazy\" decoding=\"async\" class=\"alignnone wp-image-255\" src=\"https:\/\/www.sg-roppen.com\/sg\/wp-content\/uploads\/2014\/02\/JohannesS-300x198.jpg\" alt=\"\" width=\"141\" height=\"93\" srcset=\"https:\/\/www.sg-roppen.com\/sg\/wp-content\/uploads\/2014\/02\/JohannesS-300x198.jpg 300w, https:\/\/www.sg-roppen.com\/sg\/wp-content\/uploads\/2014\/02\/JohannesS.jpg 650w\" sizes=\"auto, (max-width: 141px) 100vw, 141px\" \/><\/a><\/p>\n<\/div>\n<\/div>\n<hr style=\"clear: left;\" \/>\n<div id=\"kassier\">\n<div id=\"kassiertext\" style=\"float: left; width: 300px; height: 100px;\">\n<h5>Sch\u00fctzenrat<br \/>\nKassier<\/h5>\n<p>Thomas Ennemoser<\/p>\n<\/div>\n<div id=\"kassierbild\"><a href=\"https:\/\/www.sg-roppen.com\/sg\/schuetzen\/luftgewehr\/ennemoser-thomas\/\"><img loading=\"lazy\" decoding=\"async\" class=\"alignnone wp-image-260\" src=\"https:\/\/www.sg-roppen.com\/sg\/wp-content\/uploads\/2014\/02\/ThomasE-300x198.jpg\" alt=\"\" width=\"141\" height=\"93\" srcset=\"https:\/\/www.sg-roppen.com\/sg\/wp-content\/uploads\/2014\/02\/ThomasE-300x198.jpg 300w, https:\/\/www.sg-roppen.com\/sg\/wp-content\/uploads\/2014\/02\/ThomasE.jpg 650w\" sizes=\"auto, (max-width: 141px) 100vw, 141px\" \/><\/a><\/div>\n<\/div>\n<hr style=\"clear: left;\" \/>\n<div id=\"sf\">\n<div id=\"sftext\" style=\"float: left; width: 300px; height: 100px;\">\n<h5>Ehren-Sch\u00fctzenrat<br \/>\nSchriftf\u00fchrer<\/h5>\n<p>Ewald Auer<\/p>\n<\/div>\n<div id=\"sfbild\">\n<p><a href=\"https:\/\/www.sg-roppen.com\/sg\/schuetzen\/luftgewehr\/auer-ewald\/\"><img loading=\"lazy\" decoding=\"async\" class=\"alignnone wp-image-265\" src=\"https:\/\/www.sg-roppen.com\/sg\/wp-content\/uploads\/2014\/02\/EwaldA-300x198.jpg\" alt=\"\" width=\"141\" height=\"93\" srcset=\"https:\/\/www.sg-roppen.com\/sg\/wp-content\/uploads\/2014\/02\/EwaldA-300x198.jpg 300w, https:\/\/www.sg-roppen.com\/sg\/wp-content\/uploads\/2014\/02\/EwaldA.jpg 650w\" sizes=\"auto, (max-width: 141px) 100vw, 141px\" \/><\/a><\/p>\n<\/div>\n<\/div>\n<hr style=\"clear: left;\" \/>\n<div id=\"sr1\">\n<div id=\"sr1text\" style=\"float: left; width: 300px; height: 100px;\">\n<h5>Sch\u00fctzenrat<br \/>\nSportleiter Luftgewehr\/Armbrust<\/h5>\n<p>Hans-Hermann Auer<\/p>\n<\/div>\n<div id=\"sr1bild\">\n<p><a href=\"https:\/\/www.sg-roppen.com\/sg\/schuetzen\/luftgewehr\/auer-hans-hermann\/\"><img loading=\"lazy\" decoding=\"async\" class=\"alignnone wp-image-268\" src=\"https:\/\/www.sg-roppen.com\/sg\/wp-content\/uploads\/2014\/02\/Hans-HermannA-300x198.jpg\" alt=\"Hans-Hermann Auer\" width=\"141\" height=\"93\" srcset=\"https:\/\/www.sg-roppen.com\/sg\/wp-content\/uploads\/2014\/02\/Hans-HermannA-300x198.jpg 300w, https:\/\/www.sg-roppen.com\/sg\/wp-content\/uploads\/2014\/02\/Hans-HermannA.jpg 650w\" sizes=\"auto, (max-width: 141px) 100vw, 141px\" \/><\/a><\/p>\n<\/div>\n<\/div>\n<hr style=\"clear: left;\" \/>\n<div id=\"sr7\">\n<div id=\"sr7text\" style=\"float: left; width: 300px; height: 100px;\">\n<h5>Sch\u00fctzenr\u00e4tin \/ Stellvertreterin Sportleiter Jugend<\/h5>\n<p>Franziska Stefani<\/p>\n<\/div>\n<div id=\"sr7bild\">\n<p><a href=\"https:\/\/www.sg-roppen.com\/sg\/schuetzen\/luftgewehr\/stefani-franziska\/\"><img loading=\"lazy\" decoding=\"async\" class=\"alignnone wp-image-266\" src=\"https:\/\/www.sg-roppen.com\/sg\/wp-content\/uploads\/2014\/02\/FranziskaS-300x198.jpg\" alt=\"Franziska Stefani\" width=\"141\" height=\"93\" srcset=\"https:\/\/www.sg-roppen.com\/sg\/wp-content\/uploads\/2014\/02\/FranziskaS-300x198.jpg 300w, https:\/\/www.sg-roppen.com\/sg\/wp-content\/uploads\/2014\/02\/FranziskaS.jpg 650w\" sizes=\"auto, (max-width: 141px) 100vw, 141px\" \/><\/a><\/p>\n<\/div>\n<\/div>\n<hr style=\"clear: left;\" \/>\n<div id=\"sr3\">\n<div id=\"sr3text\" style=\"float: left; width: 300px; height: 100px;\">\n<h5>Sch\u00fctzenr\u00e4tin<\/h5>\n<p>Pamela K\u00f6ll<\/p>\n<\/div>\n<div id=\"sr3bild\">\n<p><a href=\"https:\/\/www.sg-roppen.com\/sg\/wp-content\/uploads\/2014\/09\/Pamela.jpg\" rel=\"lightbox[1182]\"><img loading=\"lazy\" decoding=\"async\" class=\"alignnone wp-image-1362\" src=\"https:\/\/www.sg-roppen.com\/sg\/wp-content\/uploads\/2014\/09\/Pamela-300x198.jpg\" alt=\"\" width=\"141\" height=\"93\" srcset=\"https:\/\/www.sg-roppen.com\/sg\/wp-content\/uploads\/2014\/09\/Pamela-300x198.jpg 300w, https:\/\/www.sg-roppen.com\/sg\/wp-content\/uploads\/2014\/09\/Pamela.jpg 650w\" sizes=\"auto, (max-width: 141px) 100vw, 141px\" \/><\/a><\/p>\n<\/div>\n<\/div>\n<hr style=\"clear: left;\" \/>\n<div id=\"sr2\">\n<div id=\"sr2text\" style=\"float: left; width: 300px; height: 100px;\">\n<h5>Sch\u00fctzenrat<br \/>\nSportleiter Luftpistole<\/h5>\n<p>Wolfgang Machac<\/p>\n<\/div>\n<div id=\"sr2bild\">\n<p><a href=\"https:\/\/www.sg-roppen.com\/sg\/schuetzen\/pistole\/machac-wolfgang\/\"><img loading=\"lazy\" decoding=\"async\" class=\"wp-image-261\" src=\"https:\/\/www.sg-roppen.com\/sg\/wp-content\/uploads\/2014\/02\/WolfgangM-300x198.jpg\" alt=\"Wolfgang Macha\u010d\" width=\"141\" height=\"93\" srcset=\"https:\/\/www.sg-roppen.com\/sg\/wp-content\/uploads\/2014\/02\/WolfgangM-300x198.jpg 300w, https:\/\/www.sg-roppen.com\/sg\/wp-content\/uploads\/2014\/02\/WolfgangM.jpg 650w\" sizes=\"auto, (max-width: 141px) 100vw, 141px\" \/><\/a><\/p>\n<\/div>\n<\/div>\n<hr style=\"clear: left;\" \/>\n<div id=\"sr4\">\n<div id=\"sr4text\" style=\"float: left; width: 300px; height: 100px;\">\n<h5>Sch\u00fctzenrat<br \/>\nKantineur<\/h5>\n<p>Manfred Raggl<\/p>\n<\/div>\n<div id=\"sr4bild\">\n<p><a href=\"https:\/\/www.sg-roppen.com\/sg\/schuetzen\/pistole\/raggl-manfred\/\"><img loading=\"lazy\" decoding=\"async\" class=\"alignnone wp-image-1361\" src=\"https:\/\/www.sg-roppen.com\/sg\/wp-content\/uploads\/2014\/09\/Manni-300x198.jpg\" alt=\"\" width=\"141\" height=\"93\" srcset=\"https:\/\/www.sg-roppen.com\/sg\/wp-content\/uploads\/2014\/09\/Manni-300x198.jpg 300w, https:\/\/www.sg-roppen.com\/sg\/wp-content\/uploads\/2014\/09\/Manni.jpg 650w\" sizes=\"auto, (max-width: 141px) 100vw, 141px\" \/><\/a><\/p>\n<\/div>\n<\/div>\n<hr style=\"clear: left;\" \/>\n<div id=\"sr8\">\n<div id=\"sr8text\" style=\"float: left; width: 300px; height: 100px;\">\n<h5>Sch\u00fctzenrat<\/h5>\n<p>Sebastian Gerl<\/p>\n<\/div>\n<div id=\"sr8bild\">\n<p><a href=\"https:\/\/www.sg-roppen.com\/sg\/wp-content\/uploads\/2026\/04\/SebastianGerl_Vorstehung.jpg\" rel=\"lightbox[1182]\"><img loading=\"lazy\" decoding=\"async\" class=\"wp-image-5067\" src=\"https:\/\/www.sg-roppen.com\/sg\/wp-content\/uploads\/2026\/04\/SebastianGerl_Vorstehung-300x198.jpg\" alt=\"\" width=\"141\" height=\"93\" srcset=\"https:\/\/www.sg-roppen.com\/sg\/wp-content\/uploads\/2026\/04\/SebastianGerl_Vorstehung-300x198.jpg 300w, https:\/\/www.sg-roppen.com\/sg\/wp-content\/uploads\/2026\/04\/SebastianGerl_Vorstehung.jpg 650w\" sizes=\"auto, (max-width: 141px) 100vw, 141px\" \/><\/a><\/p>\n<\/div>\n<\/div>\n<hr style=\"clear: left;\" \/>\n<div id=\"sr9\">\n<div id=\"sr9text\" style=\"float: left; width: 300px; height: 100px;\">\n<h5>Sch\u00fctzenrat<\/h5>\n<p>Maximilian Thurner<\/p>\n<\/div>\n<div id=\"sr9bild\">\n<p><a href=\"https:\/\/www.sg-roppen.com\/sg\/schuetzen\/luftgewehr\/thurner-maximilian\/\"><img loading=\"lazy\" decoding=\"async\" class=\"alignnone wp-image-4688\" src=\"https:\/\/www.sg-roppen.com\/sg\/wp-content\/uploads\/2024\/04\/Maximilian-Thurner-Vorstehung-300x198.jpg\" alt=\"Maximilian Thurner\" width=\"141\" height=\"93\" srcset=\"https:\/\/www.sg-roppen.com\/sg\/wp-content\/uploads\/2024\/04\/Maximilian-Thurner-Vorstehung-300x198.jpg 300w, https:\/\/www.sg-roppen.com\/sg\/wp-content\/uploads\/2024\/04\/Maximilian-Thurner-Vorstehung.jpg 650w\" sizes=\"auto, (max-width: 141px) 100vw, 141px\" \/><\/a><\/p>\n<\/div>\n<\/div>\n<hr style=\"clear: left;\" \/>\n<div id=\"eosm\">\n<div id=\"eosmtext\" style=\"float: left; width: 300px; height: 100px;\">\n<h5>Ehren-Obersch\u00fctzenmeister<\/h5>\n<p>Hartl Ennemoser<\/p>\n<\/div>\n<div id=\"eosmbild\">\n<p><a href=\"https:\/\/www.sg-roppen.com\/sg\/wp-content\/uploads\/2014\/09\/Hartl.jpg\" rel=\"lightbox[1182]\"><img loading=\"lazy\" decoding=\"async\" class=\"alignnone wp-image-1364\" src=\"https:\/\/www.sg-roppen.com\/sg\/wp-content\/uploads\/2014\/09\/Hartl-300x198.jpg\" alt=\"\" width=\"141\" height=\"93\" srcset=\"https:\/\/www.sg-roppen.com\/sg\/wp-content\/uploads\/2014\/09\/Hartl-300x198.jpg 300w, https:\/\/www.sg-roppen.com\/sg\/wp-content\/uploads\/2014\/09\/Hartl.jpg 650w\" sizes=\"auto, (max-width: 141px) 100vw, 141px\" \/><\/a><\/p>\n<\/div>\n<\/div>\n","protected":false},"excerpt":{"rendered":"<p>Obersch\u00fctzenmeister und Jugendbetreuer Norbert Stefani Sch\u00fctzenmeister Ehren-Obersch\u00fctzenmeister Gebhard Ennemoser Sch\u00fctzenmeister Johannes Stefani Sch\u00fctzenrat Kassier Thomas Ennemoser Ehren-Sch\u00fctzenrat Schriftf\u00fchrer Ewald Auer Sch\u00fctzenrat Sportleiter Luftgewehr\/Armbrust Hans-Hermann Auer Sch\u00fctzenr\u00e4tin \/ Stellvertreterin Sportleiter Jugend Franziska Stefani Sch\u00fctzenr\u00e4tin Pamela&#46;&#46;&#46;<\/p>\n","protected":false},"author":2,"featured_media":0,"parent":1132,"menu_order":10,"comment_status":"closed","ping_status":"closed","template":"page-templates\/child-menu.php","meta":{"footnotes":""},"class_list":["post-1182","page","type-page","status-publish","hentry"],"_links":{"self":[{"href":"https:\/\/www.sg-roppen.com\/sg\/wp-json\/wp\/v2\/pages\/1182","targetHints":{"allow":["GET"]}}],"collection":[{"href":"https:\/\/www.sg-roppen.com\/sg\/wp-json\/wp\/v2\/pages"}],"about":[{"href":"https:\/\/www.sg-roppen.com\/sg\/wp-json\/wp\/v2\/types\/page"}],"author":[{"embeddable":true,"href":"https:\/\/www.sg-roppen.com\/sg\/wp-json\/wp\/v2\/users\/2"}],"replies":[{"embeddable":true,"href":"https:\/\/www.sg-roppen.com\/sg\/wp-json\/wp\/v2\/comments?post=1182"}],"version-history":[{"count":43,"href":"https:\/\/www.sg-roppen.com\/sg\/wp-json\/wp\/v2\/pages\/1182\/revisions"}],"predecessor-version":[{"id":5068,"href":"https:\/\/www.sg-roppen.com\/sg\/wp-json\/wp\/v2\/pages\/1182\/revisions\/5068"}],"up":[{"embeddable":true,"href":"https:\/\/www.sg-roppen.com\/sg\/wp-json\/wp\/v2\/pages\/1132"}],"wp:attachment":[{"href":"https:\/\/www.sg-roppen.com\/sg\/wp-json\/wp\/v2\/media?parent=1182"}],"curies":[{"name":"wp","href":"https:\/\/api.w.org\/{rel}","templated":true}]}}