{"id":1251,"date":"2014-10-09T22:13:54","date_gmt":"2014-10-09T20:13:54","guid":{"rendered":"http:\/\/www.sg-roppen.com\/sg\/?page_id=1251"},"modified":"2022-04-18T11:13:39","modified_gmt":"2022-04-18T09:13:39","slug":"dachverbaende-partner","status":"publish","type":"page","link":"https:\/\/www.sg-roppen.com\/sg\/unser-verein\/dachverbaende-partner\/","title":{"rendered":"Partner"},"content":{"rendered":"<h6>Dachverb\u00e4nde<\/h6>\n<ul>\n<li><a title=\"Bezirkssch\u00fctzenbund Imst\" href=\"https:\/\/www.bsb-imst.at\/\" target=\"_blank\" rel=\"noopener\">Bezirkssch\u00fctzenbund Imst<\/a><\/li>\n<li><a title=\"Tiroler Landessch\u00fctzenbund\" href=\"http:\/\/www.tlsb.at\" target=\"_blank\" rel=\"noopener\">Tiroler Landessch\u00fctzenbund<\/a><\/li>\n<li><a title=\"\u00d6sterreichischer Sch\u00fctzenbund\" href=\"http:\/\/www.schuetzenbund.at\" target=\"_blank\" rel=\"noopener\">\u00d6sterreichischer Sch\u00fctzenbund<\/a><\/li>\n<li><a title=\"ASK\u00d6 Tirol\" href=\"http:\/\/www.askoe-tirol.at\/\" target=\"_blank\" rel=\"noopener\">ASK\u00d6 Tirol<\/a><\/li>\n<\/ul>\n<p>&nbsp;<\/p>\n<h6>Partner<\/h6>\n<ul>\n<li><a title=\"Sch\u00fctzenkompanie Roppen\" href=\"http:\/\/sk-roppen.jimdo.com\/\" target=\"_blank\" rel=\"noopener\">Sch\u00fctzenkompanie Roppen<\/a><\/li>\n<\/ul>\n<p>&nbsp;<\/p>\n<h6>Sonstiges<\/h6>\n<ul>\n<li><a title=\"Ergebnisse Bezirkssch\u00fctzenbund Imst\" href=\"https:\/\/rwk-tlsb.net\/linkgen.html\" target=\"_blank\" rel=\"noopener\">Ergebnisse Rundenwettk\u00e4mpfe<\/a><\/li>\n<\/ul>\n","protected":false},"excerpt":{"rendered":"<p>Dachverb\u00e4nde Bezirkssch\u00fctzenbund Imst Tiroler Landessch\u00fctzenbund \u00d6sterreichischer Sch\u00fctzenbund ASK\u00d6 Tirol &nbsp; Partner Sch\u00fctzenkompanie Roppen &nbsp; Sonstiges Ergebnisse Rundenwettk\u00e4mpfe<\/p>\n","protected":false},"author":2,"featured_media":0,"parent":1132,"menu_order":50,"comment_status":"closed","ping_status":"closed","template":"page-templates\/child-menu.php","meta":{"footnotes":""},"class_list":["post-1251","page","type-page","status-publish","hentry"],"_links":{"self":[{"href":"https:\/\/www.sg-roppen.com\/sg\/wp-json\/wp\/v2\/pages\/1251","targetHints":{"allow":["GET"]}}],"collection":[{"href":"https:\/\/www.sg-roppen.com\/sg\/wp-json\/wp\/v2\/pages"}],"about":[{"href":"https:\/\/www.sg-roppen.com\/sg\/wp-json\/wp\/v2\/types\/page"}],"author":[{"embeddable":true,"href":"https:\/\/www.sg-roppen.com\/sg\/wp-json\/wp\/v2\/users\/2"}],"replies":[{"embeddable":true,"href":"https:\/\/www.sg-roppen.com\/sg\/wp-json\/wp\/v2\/comments?post=1251"}],"version-history":[{"count":6,"href":"https:\/\/www.sg-roppen.com\/sg\/wp-json\/wp\/v2\/pages\/1251\/revisions"}],"predecessor-version":[{"id":4357,"href":"https:\/\/www.sg-roppen.com\/sg\/wp-json\/wp\/v2\/pages\/1251\/revisions\/4357"}],"up":[{"embeddable":true,"href":"https:\/\/www.sg-roppen.com\/sg\/wp-json\/wp\/v2\/pages\/1132"}],"wp:attachment":[{"href":"https:\/\/www.sg-roppen.com\/sg\/wp-json\/wp\/v2\/media?parent=1251"}],"curies":[{"name":"wp","href":"https:\/\/api.w.org\/{rel}","templated":true}]}}