{"id":1431,"date":"2014-11-26T20:26:29","date_gmt":"2014-11-26T19:26:29","guid":{"rendered":"http:\/\/www.sg-roppen.com\/sg\/?page_id=1431"},"modified":"2014-11-26T21:14:47","modified_gmt":"2014-11-26T20:14:47","slug":"raggl-manfred","status":"publish","type":"page","link":"https:\/\/www.sg-roppen.com\/sg\/schuetzen\/pistole\/raggl-manfred\/","title":{"rendered":"Raggl Manfred"},"content":{"rendered":"<div id=\"attachment_1361\" style=\"width: 310px\" class=\"wp-caption alignright\"><a href=\"https:\/\/www.sg-roppen.com\/sg\/wp-content\/uploads\/2014\/09\/Manni.jpg\" rel=\"lightbox[1431]\"><img loading=\"lazy\" decoding=\"async\" aria-describedby=\"caption-attachment-1361\" class=\"wp-image-1361 size-medium\" src=\"https:\/\/www.sg-roppen.com\/sg\/wp-content\/uploads\/2014\/09\/Manni-300x198.jpg\" alt=\"Manfred Raggl\" width=\"300\" height=\"198\" srcset=\"https:\/\/www.sg-roppen.com\/sg\/wp-content\/uploads\/2014\/09\/Manni-300x198.jpg 300w, https:\/\/www.sg-roppen.com\/sg\/wp-content\/uploads\/2014\/09\/Manni.jpg 650w\" sizes=\"auto, (max-width: 300px) 100vw, 300px\" \/><\/a><p id=\"caption-attachment-1361\" class=\"wp-caption-text\">Manfred Raggl<\/p><\/div>\n<h6>Jahrgang<\/h6>\n<p>1968<\/p>\n<h6>Sportsch\u00fctze seit<\/h6>\n<p>2013<\/p>\n<h6>Sportger\u00e4t<\/h6>\n<p>Steyr<\/p>\n<h6>Pers\u00f6nlicher Rekord<\/h6>\n<p>321<\/p>\n<p>&nbsp;<\/p>\n","protected":false},"excerpt":{"rendered":"<p>Jahrgang 1968 Sportsch\u00fctze seit 2013 Sportger\u00e4t Steyr Pers\u00f6nlicher Rekord 321 &nbsp;<\/p>\n","protected":false},"author":2,"featured_media":0,"parent":218,"menu_order":160,"comment_status":"open","ping_status":"closed","template":"page-templates\/child-menu.php","meta":{"footnotes":""},"class_list":["post-1431","page","type-page","status-publish","hentry"],"_links":{"self":[{"href":"https:\/\/www.sg-roppen.com\/sg\/wp-json\/wp\/v2\/pages\/1431","targetHints":{"allow":["GET"]}}],"collection":[{"href":"https:\/\/www.sg-roppen.com\/sg\/wp-json\/wp\/v2\/pages"}],"about":[{"href":"https:\/\/www.sg-roppen.com\/sg\/wp-json\/wp\/v2\/types\/page"}],"author":[{"embeddable":true,"href":"https:\/\/www.sg-roppen.com\/sg\/wp-json\/wp\/v2\/users\/2"}],"replies":[{"embeddable":true,"href":"https:\/\/www.sg-roppen.com\/sg\/wp-json\/wp\/v2\/comments?post=1431"}],"version-history":[{"count":1,"href":"https:\/\/www.sg-roppen.com\/sg\/wp-json\/wp\/v2\/pages\/1431\/revisions"}],"predecessor-version":[{"id":1432,"href":"https:\/\/www.sg-roppen.com\/sg\/wp-json\/wp\/v2\/pages\/1431\/revisions\/1432"}],"up":[{"embeddable":true,"href":"https:\/\/www.sg-roppen.com\/sg\/wp-json\/wp\/v2\/pages\/218"}],"wp:attachment":[{"href":"https:\/\/www.sg-roppen.com\/sg\/wp-json\/wp\/v2\/media?parent=1431"}],"curies":[{"name":"wp","href":"https:\/\/api.w.org\/{rel}","templated":true}]}}