{"id":180,"date":"2014-02-22T11:12:26","date_gmt":"2014-02-22T10:12:26","guid":{"rendered":"http:\/\/www.sg-roppen.com\/sg\/?page_id=180"},"modified":"2014-06-29T15:16:27","modified_gmt":"2014-06-29T13:16:27","slug":"ergebnisse","status":"publish","type":"page","link":"https:\/\/www.sg-roppen.com\/sg\/ergebnisse\/","title":{"rendered":"Ergebnisse"},"content":{"rendered":"<p>[dropcap]A[\/dropcap]uf den folgenden Seiten k\u00f6nnen die diversen Ergebnisse rund um die Sch\u00fctzengilde Roppen eingesehen werden.<\/p>\n<p>&nbsp;<\/p>\n<p>&nbsp;<\/p>\n<p><a title=\"Rundenwettk\u00e4mpfe\" href=\"https:\/\/www.sg-roppen.com\/sg\/ergebnisse\/rwk\/\">Ergebnisse der Rundenwettk\u00e4mpfe unserer Luftgewehrsch\u00fctzen<\/a><\/p>\n<p><a title=\"Meisterschaften\" href=\"https:\/\/www.sg-roppen.com\/sg\/ergebnisse\/meisterschaften\/\">diverse Meisterschaften (Bezirksmeisterschaften, Landesmeisterschaften, &#8230;)<\/a><\/p>\n<p><a title=\"Hobbysch\u00fctzen\" href=\"https:\/\/www.sg-roppen.com\/sg\/ergebnisse\/hobbyschuetzen\/\">Ergebnisse der Wettk\u00e4mpfe unserer Hobbysch\u00fctzen<\/a><\/p>\n<p><a title=\"Armbrust\" href=\"https:\/\/www.sg-roppen.com\/sg\/ergebnisse\/ab\/\">Ergebnisse unserer Armbrustsch\u00fctzen<\/a><\/p>\n<p><a title=\"Gruppenschie\u00dfen\" href=\"https:\/\/www.sg-roppen.com\/sg\/ergebnisse\/gruppenschiessen\/\">Ergebnisse des Gruppenschie\u00dfens<\/a><\/p>\n<p>&nbsp;<\/p>\n","protected":false},"excerpt":{"rendered":"<p>[dropcap]A[\/dropcap]uf den folgenden Seiten k\u00f6nnen die diversen Ergebnisse rund um die Sch\u00fctzengilde Roppen eingesehen werden. &nbsp; &nbsp; Ergebnisse der Rundenwettk\u00e4mpfe unserer Luftgewehrsch\u00fctzen diverse Meisterschaften (Bezirksmeisterschaften, Landesmeisterschaften, &#8230;) Ergebnisse der Wettk\u00e4mpfe unserer Hobbysch\u00fctzen Ergebnisse unserer&#46;&#46;&#46;<\/p>\n","protected":false},"author":2,"featured_media":0,"parent":0,"menu_order":0,"comment_status":"closed","ping_status":"closed","template":"page-templates\/child-menu.php","meta":{"footnotes":""},"class_list":["post-180","page","type-page","status-publish","hentry"],"_links":{"self":[{"href":"https:\/\/www.sg-roppen.com\/sg\/wp-json\/wp\/v2\/pages\/180","targetHints":{"allow":["GET"]}}],"collection":[{"href":"https:\/\/www.sg-roppen.com\/sg\/wp-json\/wp\/v2\/pages"}],"about":[{"href":"https:\/\/www.sg-roppen.com\/sg\/wp-json\/wp\/v2\/types\/page"}],"author":[{"embeddable":true,"href":"https:\/\/www.sg-roppen.com\/sg\/wp-json\/wp\/v2\/users\/2"}],"replies":[{"embeddable":true,"href":"https:\/\/www.sg-roppen.com\/sg\/wp-json\/wp\/v2\/comments?post=180"}],"version-history":[{"count":40,"href":"https:\/\/www.sg-roppen.com\/sg\/wp-json\/wp\/v2\/pages\/180\/revisions"}],"predecessor-version":[{"id":916,"href":"https:\/\/www.sg-roppen.com\/sg\/wp-json\/wp\/v2\/pages\/180\/revisions\/916"}],"wp:attachment":[{"href":"https:\/\/www.sg-roppen.com\/sg\/wp-json\/wp\/v2\/media?parent=180"}],"curies":[{"name":"wp","href":"https:\/\/api.w.org\/{rel}","templated":true}]}}