{"id":216,"date":"2014-02-24T11:27:22","date_gmt":"2014-02-24T10:27:22","guid":{"rendered":"http:\/\/www.sg-roppen.com\/sg\/?page_id=216"},"modified":"2023-02-11T13:36:23","modified_gmt":"2023-02-11T12:36:23","slug":"luftgewehr","status":"publish","type":"page","link":"https:\/\/www.sg-roppen.com\/sg\/schuetzen\/luftgewehr\/","title":{"rendered":"Luftgewehr + Armbrust"},"content":{"rendered":"<p>[dropcap]A[\/dropcap]ktuell nimmt die Sch\u00fctzengilde Roppen mit 4 Luftgewehrmannschaften an den Bezirksrundenwettk\u00e4mpfen teil. Auf den folgenden Seiten (Men\u00fc rechts) m\u00f6chten wir euch die aktiven Wettkampfsch\u00fctzen kurz vorstellen. Die Reihung erfolgt alphabetisch &#8211; auf eine Zuordnung zu den einzelnen Mannschaften haben wir bewusst verzichtet, weil sich diese immer wieder \u00e4ndert.<\/p>\n<p>Drei der vorgestellten Sch\u00fctzen sind zudem sehr erfolgreich mit der Armbrust aktiv.<\/p>\n","protected":false},"excerpt":{"rendered":"<p>[dropcap]A[\/dropcap]ktuell nimmt die Sch\u00fctzengilde Roppen mit 4 Luftgewehrmannschaften an den Bezirksrundenwettk\u00e4mpfen teil. Auf den folgenden Seiten (Men\u00fc rechts) m\u00f6chten wir euch die aktiven Wettkampfsch\u00fctzen kurz vorstellen. Die Reihung erfolgt alphabetisch &#8211; auf eine Zuordnung&#46;&#46;&#46;<\/p>\n","protected":false},"author":2,"featured_media":0,"parent":31,"menu_order":0,"comment_status":"closed","ping_status":"closed","template":"page-templates\/child-menu.php","meta":{"footnotes":""},"class_list":["post-216","page","type-page","status-publish","hentry"],"_links":{"self":[{"href":"https:\/\/www.sg-roppen.com\/sg\/wp-json\/wp\/v2\/pages\/216","targetHints":{"allow":["GET"]}}],"collection":[{"href":"https:\/\/www.sg-roppen.com\/sg\/wp-json\/wp\/v2\/pages"}],"about":[{"href":"https:\/\/www.sg-roppen.com\/sg\/wp-json\/wp\/v2\/types\/page"}],"author":[{"embeddable":true,"href":"https:\/\/www.sg-roppen.com\/sg\/wp-json\/wp\/v2\/users\/2"}],"replies":[{"embeddable":true,"href":"https:\/\/www.sg-roppen.com\/sg\/wp-json\/wp\/v2\/comments?post=216"}],"version-history":[{"count":12,"href":"https:\/\/www.sg-roppen.com\/sg\/wp-json\/wp\/v2\/pages\/216\/revisions"}],"predecessor-version":[{"id":4434,"href":"https:\/\/www.sg-roppen.com\/sg\/wp-json\/wp\/v2\/pages\/216\/revisions\/4434"}],"up":[{"embeddable":true,"href":"https:\/\/www.sg-roppen.com\/sg\/wp-json\/wp\/v2\/pages\/31"}],"wp:attachment":[{"href":"https:\/\/www.sg-roppen.com\/sg\/wp-json\/wp\/v2\/media?parent=216"}],"curies":[{"name":"wp","href":"https:\/\/api.w.org\/{rel}","templated":true}]}}