{"id":218,"date":"2014-02-24T11:28:11","date_gmt":"2014-02-24T10:28:11","guid":{"rendered":"http:\/\/www.sg-roppen.com\/sg\/?page_id=218"},"modified":"2014-11-27T08:58:25","modified_gmt":"2014-11-27T07:58:25","slug":"pistole","status":"publish","type":"page","link":"https:\/\/www.sg-roppen.com\/sg\/schuetzen\/pistole\/","title":{"rendered":"Pistole"},"content":{"rendered":"<p>[dropcap]W[\/dropcap]ie schon den aktuellen Beitr\u00e4gen zu entnehmen war, befindet sich die Sparte Luftpistole in der Gilde Roppen im Aufwind. Wir sind in der Saison 2014\/2015 erstmals seit vielen Jahren wieder in der \u00fcberaus gl\u00fccklichen Situation, bei den Bezirksrundenwettk\u00e4mpfen 2 Mannschaften stellen zu k\u00f6nnen.<\/p>\n<p>Auf den folgenden Seiten m\u00f6chten sich unsere Pistolensch\u00fctzen vorstellen. Da ein Gro\u00dfteil der Sch\u00fctzen erst k\u00fcrzlich mit dem Schie\u00dfsport begonnen hat, scheint bei einigen unter der Rubrik &#8222;gr\u00f6\u00dfte Erfolge&#8220; noch relativ wenig auf. Wir sind aber optimistisch, dass sich das im Laufe der Saison noch \u00e4ndern wird.<\/p>\n<p>Die Reihung erfolgt alphabetisch \u2013 auf eine Zuordnung zu den einzelnen Mannschaften haben wir bewusst verzichtet, weil sich diese immer wieder \u00e4ndert.<\/p>\n","protected":false},"excerpt":{"rendered":"<p>[dropcap]W[\/dropcap]ie schon den aktuellen Beitr\u00e4gen zu entnehmen war, befindet sich die Sparte Luftpistole in der Gilde Roppen im Aufwind. Wir sind in der Saison 2014\/2015 erstmals seit vielen Jahren wieder in der \u00fcberaus gl\u00fccklichen&#46;&#46;&#46;<\/p>\n","protected":false},"author":2,"featured_media":0,"parent":31,"menu_order":0,"comment_status":"closed","ping_status":"closed","template":"page-templates\/child-menu.php","meta":{"footnotes":""},"class_list":["post-218","page","type-page","status-publish","hentry"],"_links":{"self":[{"href":"https:\/\/www.sg-roppen.com\/sg\/wp-json\/wp\/v2\/pages\/218","targetHints":{"allow":["GET"]}}],"collection":[{"href":"https:\/\/www.sg-roppen.com\/sg\/wp-json\/wp\/v2\/pages"}],"about":[{"href":"https:\/\/www.sg-roppen.com\/sg\/wp-json\/wp\/v2\/types\/page"}],"author":[{"embeddable":true,"href":"https:\/\/www.sg-roppen.com\/sg\/wp-json\/wp\/v2\/users\/2"}],"replies":[{"embeddable":true,"href":"https:\/\/www.sg-roppen.com\/sg\/wp-json\/wp\/v2\/comments?post=218"}],"version-history":[{"count":9,"href":"https:\/\/www.sg-roppen.com\/sg\/wp-json\/wp\/v2\/pages\/218\/revisions"}],"predecessor-version":[{"id":1454,"href":"https:\/\/www.sg-roppen.com\/sg\/wp-json\/wp\/v2\/pages\/218\/revisions\/1454"}],"up":[{"embeddable":true,"href":"https:\/\/www.sg-roppen.com\/sg\/wp-json\/wp\/v2\/pages\/31"}],"wp:attachment":[{"href":"https:\/\/www.sg-roppen.com\/sg\/wp-json\/wp\/v2\/media?parent=218"}],"curies":[{"name":"wp","href":"https:\/\/api.w.org\/{rel}","templated":true}]}}