{"id":232,"date":"2014-02-25T19:02:51","date_gmt":"2014-02-25T18:02:51","guid":{"rendered":"http:\/\/www.sg-roppen.com\/sg\/?page_id=232"},"modified":"2016-11-11T17:20:31","modified_gmt":"2016-11-11T16:20:31","slug":"auer-ewald","status":"publish","type":"page","link":"https:\/\/www.sg-roppen.com\/sg\/schuetzen\/luftgewehr\/auer-ewald\/","title":{"rendered":"Auer Ewald"},"content":{"rendered":"<div id=\"attachment_265\" style=\"width: 310px\" class=\"wp-caption alignright\"><a href=\"https:\/\/www.sg-roppen.com\/sg\/wp-content\/uploads\/2014\/02\/EwaldA.jpg\" rel=\"lightbox[232]\"><img loading=\"lazy\" decoding=\"async\" aria-describedby=\"caption-attachment-265\" class=\"size-medium wp-image-265 \" title=\"Ewald Auer\" src=\"https:\/\/www.sg-roppen.com\/sg\/wp-content\/uploads\/2014\/02\/EwaldA-300x198.jpg\" alt=\"Ewald Auer\" width=\"300\" height=\"198\" srcset=\"https:\/\/www.sg-roppen.com\/sg\/wp-content\/uploads\/2014\/02\/EwaldA-300x198.jpg 300w, https:\/\/www.sg-roppen.com\/sg\/wp-content\/uploads\/2014\/02\/EwaldA.jpg 650w\" sizes=\"auto, (max-width: 300px) 100vw, 300px\" \/><\/a><p id=\"caption-attachment-265\" class=\"wp-caption-text\">Ewald Auer<\/p><\/div>\n<h6>Jahrgang<\/h6>\n<p>1960<\/p>\n<h6>Sportsch\u00fctze seit<\/h6>\n<p>1975<\/p>\n<h6>Sportger\u00e4t<\/h6>\n<ul>\n<li>Feinwerkbau 700<\/li>\n<\/ul>\n<h6>Pers\u00f6nlicher Rekord<\/h6>\n<p>581 \/ 387<\/p>\n<h6>Sonstiges<\/h6>\n<p>Schriftf\u00fchrer und &#8222;Pressesprecher&#8220; der Sch\u00fctzengilde Roppen.<\/p>\n","protected":false},"excerpt":{"rendered":"<p>Jahrgang 1960 Sportsch\u00fctze seit 1975 Sportger\u00e4t Feinwerkbau 700 Pers\u00f6nlicher Rekord 581 \/ 387 Sonstiges Schriftf\u00fchrer und &#8222;Pressesprecher&#8220; der Sch\u00fctzengilde Roppen.<\/p>\n","protected":false},"author":4,"featured_media":0,"parent":216,"menu_order":20,"comment_status":"open","ping_status":"closed","template":"page-templates\/child-menu.php","meta":{"footnotes":""},"class_list":["post-232","page","type-page","status-publish","hentry"],"_links":{"self":[{"href":"https:\/\/www.sg-roppen.com\/sg\/wp-json\/wp\/v2\/pages\/232","targetHints":{"allow":["GET"]}}],"collection":[{"href":"https:\/\/www.sg-roppen.com\/sg\/wp-json\/wp\/v2\/pages"}],"about":[{"href":"https:\/\/www.sg-roppen.com\/sg\/wp-json\/wp\/v2\/types\/page"}],"author":[{"embeddable":true,"href":"https:\/\/www.sg-roppen.com\/sg\/wp-json\/wp\/v2\/users\/4"}],"replies":[{"embeddable":true,"href":"https:\/\/www.sg-roppen.com\/sg\/wp-json\/wp\/v2\/comments?post=232"}],"version-history":[{"count":6,"href":"https:\/\/www.sg-roppen.com\/sg\/wp-json\/wp\/v2\/pages\/232\/revisions"}],"predecessor-version":[{"id":2721,"href":"https:\/\/www.sg-roppen.com\/sg\/wp-json\/wp\/v2\/pages\/232\/revisions\/2721"}],"up":[{"embeddable":true,"href":"https:\/\/www.sg-roppen.com\/sg\/wp-json\/wp\/v2\/pages\/216"}],"wp:attachment":[{"href":"https:\/\/www.sg-roppen.com\/sg\/wp-json\/wp\/v2\/media?parent=232"}],"curies":[{"name":"wp","href":"https:\/\/api.w.org\/{rel}","templated":true}]}}