{"id":237,"date":"2014-02-25T19:17:56","date_gmt":"2014-02-25T18:17:56","guid":{"rendered":"http:\/\/www.sg-roppen.com\/sg\/?page_id=237"},"modified":"2014-11-26T21:12:41","modified_gmt":"2014-11-26T20:12:41","slug":"ladinig-elisabeth","status":"publish","type":"page","link":"https:\/\/www.sg-roppen.com\/sg\/schuetzen\/pistole\/ladinig-elisabeth\/","title":{"rendered":"Ladinig Elisabeth"},"content":{"rendered":"<div id=\"attachment_264\" style=\"width: 310px\" class=\"wp-caption alignright\"><a href=\"https:\/\/www.sg-roppen.com\/sg\/wp-content\/uploads\/2014\/02\/ElisabethL.jpg\" rel=\"lightbox[237]\"><img loading=\"lazy\" decoding=\"async\" aria-describedby=\"caption-attachment-264\" class=\"size-medium wp-image-264 \" title=\"Lisi Ladinig\" src=\"https:\/\/www.sg-roppen.com\/sg\/wp-content\/uploads\/2014\/02\/ElisabethL-300x198.jpg\" alt=\"Lisi Ladinig\" width=\"300\" height=\"198\" srcset=\"https:\/\/www.sg-roppen.com\/sg\/wp-content\/uploads\/2014\/02\/ElisabethL-300x198.jpg 300w, https:\/\/www.sg-roppen.com\/sg\/wp-content\/uploads\/2014\/02\/ElisabethL.jpg 650w\" sizes=\"auto, (max-width: 300px) 100vw, 300px\" \/><\/a><p id=\"caption-attachment-264\" class=\"wp-caption-text\">Lisi Ladinig<\/p><\/div>\n<h6>Jahrgang<\/h6>\n<p>1966<\/p>\n<h6>Sportsch\u00fctze seit<\/h6>\n<ul>\n<li>1982 bis 1987<\/li>\n<li>seit 2010 wieder aktiv<\/li>\n<\/ul>\n<h6>Sportger\u00e4t<\/h6>\n<p>Steyr LP1<\/p>\n<h6>Pers\u00f6nlicher Rekord<\/h6>\n<p>360<\/p>\n<h6>Gr\u00f6sste Erfolge<\/h6>\n<ul>\n<li>4. Platz \u00d6sterreichische Meisterschaft 1984<\/li>\n<li>Dreifache Gildenmeisterin<\/li>\n<li>2. Platz Tiroler Meisterschaft Freie Pistole<\/li>\n<li>3. Platz Tiroler Meisterschaft Sportpistole<\/li>\n<li>37. Platz \u00d6sterreichische Meisterschaft Perkussionspistole Kuchenreuter (von 71)<\/li>\n<\/ul>\n<h6>Sonstiges<\/h6>\n<p>Schie\u00dft neben Luftpistole noch folgende Waffengattungen:<\/p>\n<ul>\n<li>Pistole 10m<\/li>\n<li>Sportpistole 25m<\/li>\n<li>Perkussionspistole Kuchenreuter 25m<\/li>\n<li>Freie Pistole 50m<\/li>\n<li>Vorderlader<\/li>\n<\/ul>\n<p>&nbsp;<\/p>\n<p>&nbsp;<\/p>\n","protected":false},"excerpt":{"rendered":"<p>Jahrgang 1966 Sportsch\u00fctze seit 1982 bis 1987 seit 2010 wieder aktiv Sportger\u00e4t Steyr LP1 Pers\u00f6nlicher Rekord 360 Gr\u00f6sste Erfolge 4. Platz \u00d6sterreichische Meisterschaft 1984 Dreifache Gildenmeisterin 2. Platz Tiroler Meisterschaft Freie Pistole 3. Platz&#46;&#46;&#46;<\/p>\n","protected":false},"author":4,"featured_media":0,"parent":218,"menu_order":100,"comment_status":"open","ping_status":"closed","template":"page-templates\/child-menu.php","meta":{"footnotes":""},"class_list":["post-237","page","type-page","status-publish","hentry"],"_links":{"self":[{"href":"https:\/\/www.sg-roppen.com\/sg\/wp-json\/wp\/v2\/pages\/237","targetHints":{"allow":["GET"]}}],"collection":[{"href":"https:\/\/www.sg-roppen.com\/sg\/wp-json\/wp\/v2\/pages"}],"about":[{"href":"https:\/\/www.sg-roppen.com\/sg\/wp-json\/wp\/v2\/types\/page"}],"author":[{"embeddable":true,"href":"https:\/\/www.sg-roppen.com\/sg\/wp-json\/wp\/v2\/users\/4"}],"replies":[{"embeddable":true,"href":"https:\/\/www.sg-roppen.com\/sg\/wp-json\/wp\/v2\/comments?post=237"}],"version-history":[{"count":6,"href":"https:\/\/www.sg-roppen.com\/sg\/wp-json\/wp\/v2\/pages\/237\/revisions"}],"predecessor-version":[{"id":1450,"href":"https:\/\/www.sg-roppen.com\/sg\/wp-json\/wp\/v2\/pages\/237\/revisions\/1450"}],"up":[{"embeddable":true,"href":"https:\/\/www.sg-roppen.com\/sg\/wp-json\/wp\/v2\/pages\/218"}],"wp:attachment":[{"href":"https:\/\/www.sg-roppen.com\/sg\/wp-json\/wp\/v2\/media?parent=237"}],"curies":[{"name":"wp","href":"https:\/\/api.w.org\/{rel}","templated":true}]}}