{"id":290,"date":"2014-02-25T20:50:25","date_gmt":"2014-02-25T19:50:25","guid":{"rendered":"http:\/\/www.sg-roppen.com\/sg\/?page_id=290"},"modified":"2023-02-13T12:53:06","modified_gmt":"2023-02-13T11:53:06","slug":"auer-marie-theres","status":"publish","type":"page","link":"https:\/\/www.sg-roppen.com\/sg\/schuetzen\/luftgewehr\/auer-marie-theres\/","title":{"rendered":"Auer Marie-Theres, BA BA"},"content":{"rendered":"<div id=\"attachment_257\" style=\"width: 310px\" class=\"wp-caption alignright\"><a href=\"https:\/\/www.sg-roppen.com\/sg\/wp-content\/uploads\/2014\/02\/Marie-TheresA.jpg\" rel=\"lightbox[290]\"><img loading=\"lazy\" decoding=\"async\" aria-describedby=\"caption-attachment-257\" class=\"size-medium wp-image-257\" title=\"Marie-Theres Auer\" src=\"https:\/\/www.sg-roppen.com\/sg\/wp-content\/uploads\/2014\/02\/Marie-TheresA-300x198.jpg\" alt=\"Marie-Theres Auer\" width=\"300\" height=\"198\" srcset=\"https:\/\/www.sg-roppen.com\/sg\/wp-content\/uploads\/2014\/02\/Marie-TheresA-300x198.jpg 300w, https:\/\/www.sg-roppen.com\/sg\/wp-content\/uploads\/2014\/02\/Marie-TheresA.jpg 650w\" sizes=\"auto, (max-width: 300px) 100vw, 300px\" \/><\/a><p id=\"caption-attachment-257\" class=\"wp-caption-text\">Marie-Theres Auer<\/p><\/div>\n<h6>Jahrgang<\/h6>\n<p>1996<\/p>\n<h6>Sportsch\u00fctze seit<\/h6>\n<p>2009<\/p>\n<h6>Sportger\u00e4t<\/h6>\n<ul>\n<li>Walther Anatomic LG400 (Luftgewehr)<\/li>\n<li>Winzeler 113 (Armbrust)<\/li>\n<\/ul>\n<h6>Pers\u00f6nlicher Rekord<\/h6>\n<ul>\n<li>Luftgewehr: 400\/ 419,2 \/ 625,3<\/li>\n<li>Armbrust: 389 \/ 486 (Finale) \/ 577<\/li>\n<\/ul>\n<h6>gr\u00f6sste Erfolge<\/h6>\n<ul>\n<li>Rang 10 und Rang 13 Weltcup Innsbruck 2019<\/li>\n<li>4. Rang Einzel U23 Armbrust Weltmeisterschaft 2012<\/li>\n<li>5. Rang Einzel U23 Armbrust Weltmeisterschaft 2015<\/li>\n<li>12. Rang Einzel U23 Armbrust Weltmeisterschaft 2014<\/li>\n<li>6. Rang Einzel U23 Armbrust Europameisterschaft 2016<\/li>\n<li>10. Rang Einzel U23 Armbrust Europameisterschaft 2013<\/li>\n<li>Gewinn der deuschen Armbrust Bundesliga 2022<\/li>\n<li>1. Rang Austria Open 2015 und 2016 Einzelwertung Armbrust<\/li>\n<li>1. Rang Austria Open 2014 und 2016 Mannschaft Armbrust<\/li>\n<li>6. Rang Austria Open 2014 Einzelwertung Armbrust<\/li>\n<li>1. Rang Mannschaft Frauen \u00d6sterreichische Staatsmeisterschaft Armbrust 2015<\/li>\n<li>3. Rang Einzel Frauen \u00d6sterreichische Staatsmeisterschaft Armbrust 2015<\/li>\n<li>1. Rang Mannschaft U23 \u00d6sterreichische Meisterschaft Armbrust 2012 und 2014<\/li>\n<li>3. Rang Mannschaft \u00d6sterreichische Meisterschaft Armbrust<\/li>\n<li>1. Rang Mannschaft IVC 2015<\/li>\n<li>2. Rang Mannschaft IVC 2014<\/li>\n<li>3. Rang Baykal-Cup 2015<\/li>\n<\/ul>\n<ul>\n<li>Teilnahme an der Europameisterschaft 2015<\/li>\n<li>Teilnahme an der Europameisterschaft 2017<\/li>\n<li>Mehrere Eins\u00e4tze bei internationalen ISSF-Wettk\u00e4mpfen (M\u00fcnchen, Dortmund)<\/li>\n<li>Mannschaftssilber bei den \u00d6sterreichischen Staatsmeisterschaften 2017 Frauen<\/li>\n<li>3. Rang \u00d6sterreichische Staatsmeisterschaften 2018 Frauen<\/li>\n<li>4. Rang \u00d6sterreichische Staatsmeisterschaften 2017 Frauen<\/li>\n<li>\u00d6sterreichische Meisterin Einzel Luftgewehr Juniorinnen 2016<\/li>\n<li>Staatsmeisterin Mannschaft Frauen 2018 <strong>(neuer \u00d6sterreichischer Rekord)<\/strong><\/li>\n<li>\u00d6sterreichische Meisterin in der Mannschaft Luftgewehr Juniorinnen 2014, 2015 und 2016<\/li>\n<li>1. Rang Pannonia Trophy 2016 (IWK)<\/li>\n<li>1. Rang Arge Alp Cup 2016 Einzel<\/li>\n<li>2. Rang Arge Alp Cup 2016 Mannschaft<\/li>\n<li>3. Rang \u00d6sterreichische Meisterschaft Luftgewehr Juniorinnen 2014<\/li>\n<li>dreifache \u00d6sterreichische Meisterin Mannschaft Luftgewehr<\/li>\n<li>5. und 6. Rang beim Meyton-Cup 2016<\/li>\n<li>3. Rang Grand Prix of Tyrol 2015<\/li>\n<li>4. Rang Grand Prix of Tyrol 2014 und 2016<\/li>\n<li>Tiroler Meisterin Luftgewehr Juniorinnen2014<\/li>\n<li>zweifache Tiroler Vizemeisterin Luftgewehr<\/li>\n<li>3. Rang Tiroler Meisterschaft Luftgewehr<\/li>\n<\/ul>\n<h6>Sonstiges<\/h6>\n<ul>\n<li>Mitglied \u00d6sterreichischer Nationalkader Armbrust<\/li>\n<\/ul>\n<p>Marie-Theres ist als Gastsch\u00fctzin beim Sch\u00fctzenverein Eichenlaub Unterstall erfolgreich in der zweiten deutschen Bundesliga im Einsatz. Gemeinsam mit ihrer Schwester <a href=\"https:\/\/www.sg-roppen.com\/sg\/schuetzen\/luftgewehr\/auer-katharina\/\">Katharina<\/a> ist sie mit der Armbrust f\u00fcr die &#8222;Sch\u00fctzen Niedererlbach&#8220; in der ersten deutschen Bundeliga im Einsatz. 2022 konnte diese Mannschaft auf Anhieb den Titel gewinnen.<\/p>\n","protected":false},"excerpt":{"rendered":"<p>Jahrgang 1996 Sportsch\u00fctze seit 2009 Sportger\u00e4t Walther Anatomic LG400 (Luftgewehr) Winzeler 113 (Armbrust) Pers\u00f6nlicher Rekord Luftgewehr: 400\/ 419,2 \/ 625,3 Armbrust: 389 \/ 486 (Finale) \/ 577 gr\u00f6sste Erfolge Rang 10 und Rang 13&#46;&#46;&#46;<\/p>\n","protected":false},"author":2,"featured_media":0,"parent":216,"menu_order":50,"comment_status":"open","ping_status":"closed","template":"page-templates\/child-menu.php","meta":{"footnotes":""},"class_list":["post-290","page","type-page","status-publish","hentry"],"_links":{"self":[{"href":"https:\/\/www.sg-roppen.com\/sg\/wp-json\/wp\/v2\/pages\/290","targetHints":{"allow":["GET"]}}],"collection":[{"href":"https:\/\/www.sg-roppen.com\/sg\/wp-json\/wp\/v2\/pages"}],"about":[{"href":"https:\/\/www.sg-roppen.com\/sg\/wp-json\/wp\/v2\/types\/page"}],"author":[{"embeddable":true,"href":"https:\/\/www.sg-roppen.com\/sg\/wp-json\/wp\/v2\/users\/2"}],"replies":[{"embeddable":true,"href":"https:\/\/www.sg-roppen.com\/sg\/wp-json\/wp\/v2\/comments?post=290"}],"version-history":[{"count":53,"href":"https:\/\/www.sg-roppen.com\/sg\/wp-json\/wp\/v2\/pages\/290\/revisions"}],"predecessor-version":[{"id":4445,"href":"https:\/\/www.sg-roppen.com\/sg\/wp-json\/wp\/v2\/pages\/290\/revisions\/4445"}],"up":[{"embeddable":true,"href":"https:\/\/www.sg-roppen.com\/sg\/wp-json\/wp\/v2\/pages\/216"}],"wp:attachment":[{"href":"https:\/\/www.sg-roppen.com\/sg\/wp-json\/wp\/v2\/media?parent=290"}],"curies":[{"name":"wp","href":"https:\/\/api.w.org\/{rel}","templated":true}]}}