{"id":298,"date":"2014-02-25T21:05:37","date_gmt":"2014-02-25T20:05:37","guid":{"rendered":"http:\/\/www.sg-roppen.com\/sg\/?page_id=298"},"modified":"2025-04-29T16:33:01","modified_gmt":"2025-04-29T14:33:01","slug":"auer-hans-hermann","status":"publish","type":"page","link":"https:\/\/www.sg-roppen.com\/sg\/schuetzen\/luftgewehr\/auer-hans-hermann\/","title":{"rendered":"Auer Hans-Hermann"},"content":{"rendered":"<div id=\"attachment_268\" style=\"width: 310px\" class=\"wp-caption alignright\"><a href=\"https:\/\/www.sg-roppen.com\/sg\/wp-content\/uploads\/2014\/02\/Hans-HermannA.jpg\" rel=\"lightbox[298]\"><img loading=\"lazy\" decoding=\"async\" aria-describedby=\"caption-attachment-268\" class=\"size-medium wp-image-268 \" title=\"Hans-Hermann Auer\" src=\"https:\/\/www.sg-roppen.com\/sg\/wp-content\/uploads\/2014\/02\/Hans-HermannA-300x198.jpg\" alt=\"Hans-Hermann Auer\" width=\"300\" height=\"198\" srcset=\"https:\/\/www.sg-roppen.com\/sg\/wp-content\/uploads\/2014\/02\/Hans-HermannA-300x198.jpg 300w, https:\/\/www.sg-roppen.com\/sg\/wp-content\/uploads\/2014\/02\/Hans-HermannA.jpg 650w\" sizes=\"auto, (max-width: 300px) 100vw, 300px\" \/><\/a><p id=\"caption-attachment-268\" class=\"wp-caption-text\">Hans-Hermann Auer<\/p><\/div>\n<h6>Jahrgang<\/h6>\n<p>1963<\/p>\n<h6>Sportsch\u00fctze seit<\/h6>\n<p>1977<\/p>\n<h6>Sportger\u00e4t<\/h6>\n<ul>\n<li>Feinwerkbau 800 X (Luftgewehr)<\/li>\n<li>Winzeler 112 (Armbrust)<\/li>\n<\/ul>\n<h6>pers\u00f6nlicher Rekord<\/h6>\n<ul>\n<li>Luftgewehr 393 \/ 408,3<\/li>\n<li>Armbrust 380<\/li>\n<\/ul>\n<h6>gr\u00f6sste Erfolge<\/h6>\n<h5>Luftgewehr<\/h5>\n<ul>\n<li>\u00d6sterreichischer Meister Luftgewehr Einzel 2008 und 2009<\/li>\n<li>\u00d6sterreichischer Meister Luftgewehr Mannschaft 2008, 2009 und 2025<\/li>\n<li>2. und 3. Rang Mannschaft Luftgewehr \u00d6sterreichische Meisterschaft<\/li>\n<li>zweifacher Tiroler Meister Luftgewehr<\/li>\n<li>ASK\u00d6 Bundesmeister 2012 Luftgewehr (mit neuem Bundesrekord)<\/li>\n<li>Sieger Grand Prix of Tyrol 2013 (Luftgewehr)<\/li>\n<li>Sieger Tiroler Landesliga (Tiroler Mannschaftsmeister) 2010<\/li>\n<li>elffacher Gildenmeister<\/li>\n<li>3. Rang Meyton-Cup 2018<\/li>\n<\/ul>\n<p>&nbsp;<\/p>\n<h5>Armbrust<\/h5>\n<ul>\n<li>Rang 5 Weltmeisterschaft 2019<\/li>\n<li>\u00d6sterreichischer Meister Armbrust 2014 Einzelwertung<\/li>\n<li>2. Rang \u00d6sterreichische Meisterschaft Armbrust 2015 Einzelwertung<\/li>\n<li>3. Rang \u00d6sterreichische Meisterschaft Armbrust 2024<\/li>\n<li>3. Rang \u00d6sterreichische Meisterschaft Armbrust 2013 Mannschaftswertung<\/li>\n<li>Tiroler Meister Armbrust 2013, 2014, 2017 und 2024<\/li>\n<\/ul>\n<p>&nbsp;<\/p>\n","protected":false},"excerpt":{"rendered":"<p>Jahrgang 1963 Sportsch\u00fctze seit 1977 Sportger\u00e4t Feinwerkbau 800 X (Luftgewehr) Winzeler 112 (Armbrust) pers\u00f6nlicher Rekord Luftgewehr 393 \/ 408,3 Armbrust 380 gr\u00f6sste Erfolge Luftgewehr \u00d6sterreichischer Meister Luftgewehr Einzel 2008 und 2009 \u00d6sterreichischer Meister Luftgewehr&#46;&#46;&#46;<\/p>\n","protected":false},"author":2,"featured_media":0,"parent":216,"menu_order":30,"comment_status":"open","ping_status":"closed","template":"page-templates\/child-menu.php","meta":{"footnotes":""},"class_list":["post-298","page","type-page","status-publish","hentry"],"_links":{"self":[{"href":"https:\/\/www.sg-roppen.com\/sg\/wp-json\/wp\/v2\/pages\/298","targetHints":{"allow":["GET"]}}],"collection":[{"href":"https:\/\/www.sg-roppen.com\/sg\/wp-json\/wp\/v2\/pages"}],"about":[{"href":"https:\/\/www.sg-roppen.com\/sg\/wp-json\/wp\/v2\/types\/page"}],"author":[{"embeddable":true,"href":"https:\/\/www.sg-roppen.com\/sg\/wp-json\/wp\/v2\/users\/2"}],"replies":[{"embeddable":true,"href":"https:\/\/www.sg-roppen.com\/sg\/wp-json\/wp\/v2\/comments?post=298"}],"version-history":[{"count":19,"href":"https:\/\/www.sg-roppen.com\/sg\/wp-json\/wp\/v2\/pages\/298\/revisions"}],"predecessor-version":[{"id":300,"href":"https:\/\/www.sg-roppen.com\/sg\/wp-json\/wp\/v2\/pages\/298\/revisions\/300"}],"up":[{"embeddable":true,"href":"https:\/\/www.sg-roppen.com\/sg\/wp-json\/wp\/v2\/pages\/216"}],"wp:attachment":[{"href":"https:\/\/www.sg-roppen.com\/sg\/wp-json\/wp\/v2\/media?parent=298"}],"curies":[{"name":"wp","href":"https:\/\/api.w.org\/{rel}","templated":true}]}}