{"id":31,"date":"2014-02-19T23:13:46","date_gmt":"2014-02-19T22:13:46","guid":{"rendered":"http:\/\/www.sg-roppen.com\/sg\/?page_id=31"},"modified":"2014-09-02T13:09:32","modified_gmt":"2014-09-02T11:09:32","slug":"schuetzen","status":"publish","type":"page","link":"https:\/\/www.sg-roppen.com\/sg\/schuetzen\/","title":{"rendered":"unsere Sch\u00fctzen"},"content":{"rendered":"<p>[dropcap]N[\/dropcap]achdem wir mit unserer Homepage ganz frisch gestartet sind, fehlen nat\u00fcrlich noch etliche Teile. Wir sind bem\u00fcht, den Informationsgehalt in den n\u00e4chsten Wochen und Monaten laufend zu verbessern. Neben den aktuellen Beitr\u00e4gen und den Ergebnislisten m\u00f6chten wir euch einerseits den Verein etwas vorstellen und andererseits nat\u00fcrlich die Hautpakteure: unsere Sportsch\u00fctzen. Da wir der \u00dcberzeugung sind, dass ein Verein wie die Sch\u00fctzengilde Roppen haupts\u00e4chlich von seinen aktiven Mitgliedern lebt, sind wir mit diesem Teil gestartet. Wir sind aber bestrebt, die Seite in den n\u00e4chsten Wochen mit weiteren Informationen rund um das Sportschie\u00dfen und unseren Verein zu erweitern.<\/p>\n<p>Im Moment stellt die Sch\u00fctzengilde Roppen im Bereich Sportschie\u00dfen Luftgewehr die st\u00e4rkste Gilde im Bezirk Imst dar. Unsere 3 Wettkampfmannschaften mischen sowohl im Bezirk als auch auf Landesebene ganz vorne mit. Auf den folgenden Seiten stellen sich die einzelnen Sch\u00fctzen kurz vor. Wie man aus diesen Vorstellungen sehen kann, hat die Sch\u00fctzengilde Roppen in der Vergangenheit tolle Erfolge auf nationaler und sogar internationaler Ebene erreicht. Mehr dazu bei den einzelnen Sportsch\u00fctzen.<\/p>\n<p>Im Bereich Luftpistole sind wir als Gilde noch nicht ganz so stark, unsere Sch\u00fctzen arbeiten aber mit Begeisterung und viel Einsatz daran, auch hier zur Spitze im Bezirk und auf Landesebene aufzuschlie\u00dfen.<\/p>\n","protected":false},"excerpt":{"rendered":"<p>[dropcap]N[\/dropcap]achdem wir mit unserer Homepage ganz frisch gestartet sind, fehlen nat\u00fcrlich noch etliche Teile. Wir sind bem\u00fcht, den Informationsgehalt in den n\u00e4chsten Wochen und Monaten laufend zu verbessern. Neben den aktuellen Beitr\u00e4gen und den&#46;&#46;&#46;<\/p>\n","protected":false},"author":2,"featured_media":422,"parent":0,"menu_order":0,"comment_status":"closed","ping_status":"closed","template":"page-templates\/child-menu.php","meta":{"footnotes":""},"class_list":["post-31","page","type-page","status-publish","has-post-thumbnail","hentry"],"_links":{"self":[{"href":"https:\/\/www.sg-roppen.com\/sg\/wp-json\/wp\/v2\/pages\/31","targetHints":{"allow":["GET"]}}],"collection":[{"href":"https:\/\/www.sg-roppen.com\/sg\/wp-json\/wp\/v2\/pages"}],"about":[{"href":"https:\/\/www.sg-roppen.com\/sg\/wp-json\/wp\/v2\/types\/page"}],"author":[{"embeddable":true,"href":"https:\/\/www.sg-roppen.com\/sg\/wp-json\/wp\/v2\/users\/2"}],"replies":[{"embeddable":true,"href":"https:\/\/www.sg-roppen.com\/sg\/wp-json\/wp\/v2\/comments?post=31"}],"version-history":[{"count":6,"href":"https:\/\/www.sg-roppen.com\/sg\/wp-json\/wp\/v2\/pages\/31\/revisions"}],"predecessor-version":[{"id":456,"href":"https:\/\/www.sg-roppen.com\/sg\/wp-json\/wp\/v2\/pages\/31\/revisions\/456"}],"wp:featuredmedia":[{"embeddable":true,"href":"https:\/\/www.sg-roppen.com\/sg\/wp-json\/wp\/v2\/media\/422"}],"wp:attachment":[{"href":"https:\/\/www.sg-roppen.com\/sg\/wp-json\/wp\/v2\/media?parent=31"}],"curies":[{"name":"wp","href":"https:\/\/api.w.org\/{rel}","templated":true}]}}