{"id":411,"date":"2014-02-27T09:00:22","date_gmt":"2014-02-27T08:00:22","guid":{"rendered":"http:\/\/www.sg-roppen.com\/sg\/?page_id=411"},"modified":"2025-10-25T17:16:15","modified_gmt":"2025-10-25T15:16:15","slug":"ennemoser-gebhard","status":"publish","type":"page","link":"https:\/\/www.sg-roppen.com\/sg\/schuetzen\/luftgewehr\/ennemoser-gebhard\/","title":{"rendered":"Ennemoser Gebhard"},"content":{"rendered":"<div id=\"attachment_267\" style=\"width: 310px\" class=\"wp-caption alignright\"><a href=\"https:\/\/www.sg-roppen.com\/sg\/wp-content\/uploads\/2014\/02\/GebhardE.jpg\" rel=\"lightbox[411]\"><img loading=\"lazy\" decoding=\"async\" aria-describedby=\"caption-attachment-267\" class=\"size-medium wp-image-267 \" title=\"Gebhard Ennemoser\" src=\"https:\/\/www.sg-roppen.com\/sg\/wp-content\/uploads\/2014\/02\/GebhardE-300x198.jpg\" alt=\"Gebhard Ennemoser\" width=\"300\" height=\"198\" srcset=\"https:\/\/www.sg-roppen.com\/sg\/wp-content\/uploads\/2014\/02\/GebhardE-300x198.jpg 300w, https:\/\/www.sg-roppen.com\/sg\/wp-content\/uploads\/2014\/02\/GebhardE.jpg 650w\" sizes=\"auto, (max-width: 300px) 100vw, 300px\" \/><\/a><p id=\"caption-attachment-267\" class=\"wp-caption-text\">Gebhard Ennemoser<\/p><\/div>\n<h6>Jahrgang<\/h6>\n<p>1966<\/p>\n<h6>Sportsch\u00fctze seit<\/h6>\n<p>1980<\/p>\n<h6>Sportger\u00e4t<\/h6>\n<p>Feinwerkbau P70 Alu<\/p>\n<h6>pers\u00f6nlicher Rekord<\/h6>\n<p>389<\/p>\n<h6>gr\u00f6sste Erfolge<\/h6>\n<ul>\n<li>Sieger ASK\u00d6 Landescup<\/li>\n<li>Bezirksmeister 2025<\/li>\n<li>Gildenmeister<\/li>\n<\/ul>\n<h6>Sonstiges<\/h6>\n<p>Gebhard Ennemoser ist Ehrenobersch\u00fctzenmeister der Sch\u00fctzengilde Roppen.<\/p>\n<p>&nbsp;<\/p>\n","protected":false},"excerpt":{"rendered":"<p>Jahrgang 1966 Sportsch\u00fctze seit 1980 Sportger\u00e4t Feinwerkbau P70 Alu pers\u00f6nlicher Rekord 389 gr\u00f6sste Erfolge Sieger ASK\u00d6 Landescup Bezirksmeister 2025 Gildenmeister Sonstiges Gebhard Ennemoser ist Ehrenobersch\u00fctzenmeister der Sch\u00fctzengilde Roppen. &nbsp;<\/p>\n","protected":false},"author":2,"featured_media":0,"parent":216,"menu_order":120,"comment_status":"open","ping_status":"closed","template":"page-templates\/child-menu.php","meta":{"footnotes":""},"class_list":["post-411","page","type-page","status-publish","hentry"],"_links":{"self":[{"href":"https:\/\/www.sg-roppen.com\/sg\/wp-json\/wp\/v2\/pages\/411","targetHints":{"allow":["GET"]}}],"collection":[{"href":"https:\/\/www.sg-roppen.com\/sg\/wp-json\/wp\/v2\/pages"}],"about":[{"href":"https:\/\/www.sg-roppen.com\/sg\/wp-json\/wp\/v2\/types\/page"}],"author":[{"embeddable":true,"href":"https:\/\/www.sg-roppen.com\/sg\/wp-json\/wp\/v2\/users\/2"}],"replies":[{"embeddable":true,"href":"https:\/\/www.sg-roppen.com\/sg\/wp-json\/wp\/v2\/comments?post=411"}],"version-history":[{"count":4,"href":"https:\/\/www.sg-roppen.com\/sg\/wp-json\/wp\/v2\/pages\/411\/revisions"}],"predecessor-version":[{"id":4858,"href":"https:\/\/www.sg-roppen.com\/sg\/wp-json\/wp\/v2\/pages\/411\/revisions\/4858"}],"up":[{"embeddable":true,"href":"https:\/\/www.sg-roppen.com\/sg\/wp-json\/wp\/v2\/pages\/216"}],"wp:attachment":[{"href":"https:\/\/www.sg-roppen.com\/sg\/wp-json\/wp\/v2\/media?parent=411"}],"curies":[{"name":"wp","href":"https:\/\/api.w.org\/{rel}","templated":true}]}}