{"id":4409,"date":"2023-02-11T12:57:10","date_gmt":"2023-02-11T11:57:10","guid":{"rendered":"https:\/\/www.sg-roppen.com\/sg\/?page_id=4409"},"modified":"2023-03-12T13:53:13","modified_gmt":"2023-03-12T12:53:13","slug":"thurner-maximilian","status":"publish","type":"page","link":"https:\/\/www.sg-roppen.com\/sg\/schuetzen\/luftgewehr\/thurner-maximilian\/","title":{"rendered":"Thurner Maximilian"},"content":{"rendered":"<div id=\"attachment_4410\" style=\"width: 210px\" class=\"wp-caption alignright\"><a href=\"https:\/\/www.sg-roppen.com\/sg\/wp-content\/uploads\/2023\/02\/Maximilian-Thurner.jpg\" rel=\"lightbox[4409]\"><img loading=\"lazy\" decoding=\"async\" aria-describedby=\"caption-attachment-4410\" class=\"wp-image-4410 size-medium\" title=\"Maximilian Thurner\" src=\"https:\/\/www.sg-roppen.com\/sg\/wp-content\/uploads\/2023\/02\/Maximilian-Thurner-200x300.jpg\" alt=\"Maximilian Thurner\" width=\"200\" height=\"300\" srcset=\"https:\/\/www.sg-roppen.com\/sg\/wp-content\/uploads\/2023\/02\/Maximilian-Thurner-200x300.jpg 200w, https:\/\/www.sg-roppen.com\/sg\/wp-content\/uploads\/2023\/02\/Maximilian-Thurner.jpg 427w\" sizes=\"auto, (max-width: 200px) 100vw, 200px\" \/><\/a><p id=\"caption-attachment-4410\" class=\"wp-caption-text\">Maximilian Thurner<\/p><\/div>\n<h6>Jahrgang<\/h6>\n<p>2003<\/p>\n<h6>Sportsch\u00fctze seit<\/h6>\n<p>2016<\/p>\n<h6>Sportger\u00e4t<\/h6>\n<p>Tesro<\/p>\n<h6>pers\u00f6nlicher Rekord<\/h6>\n<p>380,5<\/p>\n<h6>gr\u00f6sste Erfolge<\/h6>\n<ul>\n<li>Rang 3 Raika Jugendcup 2022\/2023<\/li>\n<\/ul>\n","protected":false},"excerpt":{"rendered":"<p>Jahrgang 2003 Sportsch\u00fctze seit 2016 Sportger\u00e4t Tesro pers\u00f6nlicher Rekord 380,5 gr\u00f6sste Erfolge Rang 3 Raika Jugendcup 2022\/2023<\/p>\n","protected":false},"author":2,"featured_media":0,"parent":216,"menu_order":700,"comment_status":"closed","ping_status":"closed","template":"page-templates\/child-menu.php","meta":{"footnotes":""},"class_list":["post-4409","page","type-page","status-publish","hentry"],"_links":{"self":[{"href":"https:\/\/www.sg-roppen.com\/sg\/wp-json\/wp\/v2\/pages\/4409","targetHints":{"allow":["GET"]}}],"collection":[{"href":"https:\/\/www.sg-roppen.com\/sg\/wp-json\/wp\/v2\/pages"}],"about":[{"href":"https:\/\/www.sg-roppen.com\/sg\/wp-json\/wp\/v2\/types\/page"}],"author":[{"embeddable":true,"href":"https:\/\/www.sg-roppen.com\/sg\/wp-json\/wp\/v2\/users\/2"}],"replies":[{"embeddable":true,"href":"https:\/\/www.sg-roppen.com\/sg\/wp-json\/wp\/v2\/comments?post=4409"}],"version-history":[{"count":4,"href":"https:\/\/www.sg-roppen.com\/sg\/wp-json\/wp\/v2\/pages\/4409\/revisions"}],"predecessor-version":[{"id":4502,"href":"https:\/\/www.sg-roppen.com\/sg\/wp-json\/wp\/v2\/pages\/4409\/revisions\/4502"}],"up":[{"embeddable":true,"href":"https:\/\/www.sg-roppen.com\/sg\/wp-json\/wp\/v2\/pages\/216"}],"wp:attachment":[{"href":"https:\/\/www.sg-roppen.com\/sg\/wp-json\/wp\/v2\/media?parent=4409"}],"curies":[{"name":"wp","href":"https:\/\/api.w.org\/{rel}","templated":true}]}}