{"id":4419,"date":"2023-02-11T13:09:12","date_gmt":"2023-02-11T12:09:12","guid":{"rendered":"https:\/\/www.sg-roppen.com\/sg\/?page_id=4419"},"modified":"2024-03-31T21:53:44","modified_gmt":"2024-03-31T19:53:44","slug":"larcher-levi","status":"publish","type":"page","link":"https:\/\/www.sg-roppen.com\/sg\/schuetzen\/luftgewehr\/larcher-levi\/","title":{"rendered":"Larcher Levi"},"content":{"rendered":"<div id=\"attachment_4421\" style=\"width: 210px\" class=\"wp-caption alignright\"><a href=\"https:\/\/www.sg-roppen.com\/sg\/wp-content\/uploads\/2023\/02\/Levi-Larcher.jpg\" rel=\"lightbox[4419]\"><img loading=\"lazy\" decoding=\"async\" aria-describedby=\"caption-attachment-4421\" class=\"wp-image-4421 size-medium\" title=\"Levi Larcher\" src=\"https:\/\/www.sg-roppen.com\/sg\/wp-content\/uploads\/2023\/02\/Levi-Larcher-200x300.jpg\" alt=\"Levi Larcher\" width=\"200\" height=\"300\" srcset=\"https:\/\/www.sg-roppen.com\/sg\/wp-content\/uploads\/2023\/02\/Levi-Larcher-200x300.jpg 200w, https:\/\/www.sg-roppen.com\/sg\/wp-content\/uploads\/2023\/02\/Levi-Larcher.jpg 427w\" sizes=\"auto, (max-width: 200px) 100vw, 200px\" \/><\/a><p id=\"caption-attachment-4421\" class=\"wp-caption-text\">Levi Larcher<\/p><\/div>\n<h6>Jahrgang<\/h6>\n<p>2004<\/p>\n<h6>Sportsch\u00fctze seit<\/h6>\n<p>2016<\/p>\n<h6>Sportger\u00e4t<\/h6>\n<p>Ansch\u00fctz 8002<\/p>\n<h6>pers\u00f6nlicher Rekord<\/h6>\n<p>401,8<\/p>\n<h6>gr\u00f6sste Erfolge<\/h6>\n<ul>\n<li>Rang 2 Raika Jugendcup 2022\/2023<\/li>\n<li>Rang 2 Raika Jugendcup 2023\/2024<\/li>\n<li>Aufsteiger des Jahres 2024<\/li>\n<\/ul>\n","protected":false},"excerpt":{"rendered":"<p>Jahrgang 2004 Sportsch\u00fctze seit 2016 Sportger\u00e4t Ansch\u00fctz 8002 pers\u00f6nlicher Rekord 401,8 gr\u00f6sste Erfolge Rang 2 Raika Jugendcup 2022\/2023 Rang 2 Raika Jugendcup 2023\/2024 Aufsteiger des Jahres 2024<\/p>\n","protected":false},"author":2,"featured_media":0,"parent":216,"menu_order":400,"comment_status":"open","ping_status":"closed","template":"page-templates\/child-menu.php","meta":{"footnotes":""},"class_list":["post-4419","page","type-page","status-publish","hentry"],"_links":{"self":[{"href":"https:\/\/www.sg-roppen.com\/sg\/wp-json\/wp\/v2\/pages\/4419","targetHints":{"allow":["GET"]}}],"collection":[{"href":"https:\/\/www.sg-roppen.com\/sg\/wp-json\/wp\/v2\/pages"}],"about":[{"href":"https:\/\/www.sg-roppen.com\/sg\/wp-json\/wp\/v2\/types\/page"}],"author":[{"embeddable":true,"href":"https:\/\/www.sg-roppen.com\/sg\/wp-json\/wp\/v2\/users\/2"}],"replies":[{"embeddable":true,"href":"https:\/\/www.sg-roppen.com\/sg\/wp-json\/wp\/v2\/comments?post=4419"}],"version-history":[{"count":6,"href":"https:\/\/www.sg-roppen.com\/sg\/wp-json\/wp\/v2\/pages\/4419\/revisions"}],"predecessor-version":[{"id":4673,"href":"https:\/\/www.sg-roppen.com\/sg\/wp-json\/wp\/v2\/pages\/4419\/revisions\/4673"}],"up":[{"embeddable":true,"href":"https:\/\/www.sg-roppen.com\/sg\/wp-json\/wp\/v2\/pages\/216"}],"wp:attachment":[{"href":"https:\/\/www.sg-roppen.com\/sg\/wp-json\/wp\/v2\/media?parent=4419"}],"curies":[{"name":"wp","href":"https:\/\/api.w.org\/{rel}","templated":true}]}}