{"id":4423,"date":"2023-02-11T13:16:05","date_gmt":"2023-02-11T12:16:05","guid":{"rendered":"https:\/\/www.sg-roppen.com\/sg\/?page_id=4423"},"modified":"2024-03-31T21:54:31","modified_gmt":"2024-03-31T19:54:31","slug":"rettenbacher-laura","status":"publish","type":"page","link":"https:\/\/www.sg-roppen.com\/sg\/schuetzen\/luftgewehr\/rettenbacher-laura\/","title":{"rendered":"Rettenbacher Laura"},"content":{"rendered":"<div id=\"attachment_4424\" style=\"width: 210px\" class=\"wp-caption alignright\"><a href=\"https:\/\/www.sg-roppen.com\/sg\/wp-content\/uploads\/2023\/02\/Laura-Rettenbacher.jpg\" rel=\"lightbox[4423]\"><img loading=\"lazy\" decoding=\"async\" aria-describedby=\"caption-attachment-4424\" class=\"wp-image-4424 size-medium\" title=\"Laura Rettenbacher\" src=\"https:\/\/www.sg-roppen.com\/sg\/wp-content\/uploads\/2023\/02\/Laura-Rettenbacher-200x300.jpg\" alt=\"Laura Rettenbacher\" width=\"200\" height=\"300\" srcset=\"https:\/\/www.sg-roppen.com\/sg\/wp-content\/uploads\/2023\/02\/Laura-Rettenbacher-200x300.jpg 200w, https:\/\/www.sg-roppen.com\/sg\/wp-content\/uploads\/2023\/02\/Laura-Rettenbacher.jpg 427w\" sizes=\"auto, (max-width: 200px) 100vw, 200px\" \/><\/a><p id=\"caption-attachment-4424\" class=\"wp-caption-text\">Laura Rettenbacher<\/p><\/div>\n<h6>Jahrgang<\/h6>\n<p>2006<\/p>\n<h6>Sportsch\u00fctze seit<\/h6>\n<p>2019<\/p>\n<h6>Sportger\u00e4t<\/h6>\n<p>Walther 400<\/p>\n<h6>Pers\u00f6nlicher Rekord<\/h6>\n<p>405,0<\/p>\n<h6>gr\u00f6sste Erfolge<\/h6>\n<ul>\n<li>Rang 9 Tiroler Meisterschaft 2023<\/li>\n<li>Rang 2 Bezirksmeisterschaft 2023<\/li>\n<li>Aufsteigerin des Jahres 2023<\/li>\n<li>Rang 2 Raika Jugendcup 2022\/2023<\/li>\n<\/ul>\n<h6><\/h6>\n","protected":false},"excerpt":{"rendered":"<p>Jahrgang 2006 Sportsch\u00fctze seit 2019 Sportger\u00e4t Walther 400 Pers\u00f6nlicher Rekord 405,0 gr\u00f6sste Erfolge Rang 9 Tiroler Meisterschaft 2023 Rang 2 Bezirksmeisterschaft 2023 Aufsteigerin des Jahres 2023 Rang 2 Raika Jugendcup 2022\/2023<\/p>\n","protected":false},"author":2,"featured_media":0,"parent":216,"menu_order":450,"comment_status":"open","ping_status":"closed","template":"page-templates\/child-menu.php","meta":{"footnotes":""},"class_list":["post-4423","page","type-page","status-publish","hentry"],"_links":{"self":[{"href":"https:\/\/www.sg-roppen.com\/sg\/wp-json\/wp\/v2\/pages\/4423","targetHints":{"allow":["GET"]}}],"collection":[{"href":"https:\/\/www.sg-roppen.com\/sg\/wp-json\/wp\/v2\/pages"}],"about":[{"href":"https:\/\/www.sg-roppen.com\/sg\/wp-json\/wp\/v2\/types\/page"}],"author":[{"embeddable":true,"href":"https:\/\/www.sg-roppen.com\/sg\/wp-json\/wp\/v2\/users\/2"}],"replies":[{"embeddable":true,"href":"https:\/\/www.sg-roppen.com\/sg\/wp-json\/wp\/v2\/comments?post=4423"}],"version-history":[{"count":7,"href":"https:\/\/www.sg-roppen.com\/sg\/wp-json\/wp\/v2\/pages\/4423\/revisions"}],"predecessor-version":[{"id":4674,"href":"https:\/\/www.sg-roppen.com\/sg\/wp-json\/wp\/v2\/pages\/4423\/revisions\/4674"}],"up":[{"embeddable":true,"href":"https:\/\/www.sg-roppen.com\/sg\/wp-json\/wp\/v2\/pages\/216"}],"wp:attachment":[{"href":"https:\/\/www.sg-roppen.com\/sg\/wp-json\/wp\/v2\/media?parent=4423"}],"curies":[{"name":"wp","href":"https:\/\/api.w.org\/{rel}","templated":true}]}}