{"id":478,"date":"2014-03-09T14:09:10","date_gmt":"2014-03-09T13:09:10","guid":{"rendered":"http:\/\/www.sg-roppen.com\/sg\/?page_id=478"},"modified":"2026-03-31T18:04:21","modified_gmt":"2026-03-31T16:04:21","slug":"gruppenschiessen","status":"publish","type":"page","link":"https:\/\/www.sg-roppen.com\/sg\/ergebnisse\/gruppenschiessen\/","title":{"rendered":"Gruppenschie\u00dfen"},"content":{"rendered":"<h6>Ergebnisse &#8222;Schmiede Pepi&#8220; Ged\u00e4chtnisschiessen<\/h6>\n<h5><\/h5>\n<p style=\"padding-left: 40px;\"><a title=\"Statistik und Siegerlisten Gruppenschie\u00dfen\" href=\"https:\/\/www.sg-roppen.com\/sg\/wp-content\/uploads\/2023\/01\/Statistik.pdf\" target=\"_blank\" rel=\"noopener noreferrer\">Statistik und Siegerliste Gruppenschie\u00dfen<\/a><\/p>\n<p>&nbsp;<\/p>\n<h5><\/h5>\n<h5 style=\"padding-left: 30px;\">2026<\/h5>\n<p style=\"padding-left: 40px;\"><a href=\"https:\/\/www.sg-roppen.com\/sg\/wp-content\/uploads\/2026\/03\/GrpSch2026.pdf\" target=\"_blank\" rel=\"noopener noreferrer\">Endergebnis Gruppenschie\u00dfen 2026<\/a><\/p>\n<p style=\"padding-left: 40px;\"><a href=\"https:\/\/www.sg-roppen.com\/sg\/schmiede-pepi-gedaechtnisschiessen-2026\/\">Zum Beitrag<\/a><\/p>\n<p style=\"padding-left: 40px;\"><a href=\"https:\/\/www.sg-roppen.com\/sg\/bildergalerien\/bilder-gruppenschiessen-2026\/\">Zur Bildergalerie<\/a><\/p>\n<p>&nbsp;<\/p>\n<h5><\/h5>\n<h5 style=\"padding-left: 30px;\">2025<\/h5>\n<p style=\"padding-left: 40px;\"><a href=\"https:\/\/www.sg-roppen.com\/sg\/wp-content\/uploads\/2025\/03\/GrpSch2025.pdf\" target=\"_blank\" rel=\"noopener noreferrer\">Endergebnis Gruppenschie\u00dfen 2025<\/a><\/p>\n<p style=\"padding-left: 40px;\"><a href=\"https:\/\/www.sg-roppen.com\/sg\/schmiede-pepi-gedaechtnisschiessen-2025\/\">Zum Beitrag<\/a><\/p>\n<p style=\"padding-left: 40px;\"><a href=\"https:\/\/www.sg-roppen.com\/sg\/bildergalerien\/bilder-gruppenschiessen-2025\/\">Zur Bildergalerie<\/a><\/p>\n<p>&nbsp;<\/p>\n<h5><\/h5>\n<h5 style=\"padding-left: 30px;\">2023<\/h5>\n<p style=\"padding-left: 40px;\"><a href=\"https:\/\/www.sg-roppen.com\/sg\/wp-content\/uploads\/2023\/03\/GrpSch2023.pdf\" target=\"_blank\" rel=\"noopener noreferrer\">Endergebnis Gruppenschie\u00dfen 2023<\/a><\/p>\n<p style=\"padding-left: 40px;\"><a href=\"https:\/\/www.sg-roppen.com\/sg\/schmiede-pepi-gedaechtnisschiessen-2023\/\">Zum Beitrag<\/a><\/p>\n<p style=\"padding-left: 40px;\"><a href=\"https:\/\/www.sg-roppen.com\/sg\/bildergalerien\/bilder-gruppenschiessen-2023\/\">Zur Bildergalerie<\/a><\/p>\n<p>&nbsp;<\/p>\n<h5 style=\"padding-left: 30px;\">2020<\/h5>\n<p style=\"padding-left: 40px;\"><a href=\"http:\/\/www.sg-roppen.com\/sg\/wp-content\/uploads\/2020\/03\/GrpSch2020.pdf\" target=\"_blank\" rel=\"noopener noreferrer\">Ergebnisse bis zum Abbruch<\/a><\/p>\n<p>&nbsp;<\/p>\n<h5 style=\"padding-left: 30px;\">2019<\/h5>\n<p style=\"padding-left: 40px;\"><a href=\"https:\/\/www.sg-roppen.com\/sg\/wp-content\/uploads\/2019\/03\/GrpSch2019.pdf\" target=\"_blank\" rel=\"noopener noreferrer\">Endergebnis Gruppenschie\u00dfen 2019<\/a><\/p>\n<p style=\"padding-left: 40px;\"><a href=\"http:\/\/www.sg-roppen.com\/sg\/schmiede-pepi-gedaechtnisschiessen-2019\/\">Zum Beitrag<\/a><\/p>\n<p style=\"padding-left: 40px;\"><a href=\"http:\/\/www.sg-roppen.com\/sg\/bildergalerien\/bilder-gruppenschiessen-2019\/\">Zur Bildergalerie<\/a><\/p>\n<p>&nbsp;<\/p>\n<h5 style=\"padding-left: 30px;\">2018<\/h5>\n<p style=\"padding-left: 30px;\"><a href=\"https:\/\/www.sg-roppen.com\/sg\/wp-content\/uploads\/2018\/03\/GrpSch2018.pdf\" target=\"_blank\" rel=\"noopener noreferrer\">Endergebnis Gruppenschie\u00dfen 2018<\/a><\/p>\n<p style=\"padding-left: 30px;\"><a href=\"https:\/\/www.sg-roppen.com\/sg\/schmiede-pepi-gedaechtnisschiessen-2018\/\">Zum Beitrag<\/a><\/p>\n<p style=\"padding-left: 30px;\"><a href=\"https:\/\/www.sg-roppen.com\/sg\/bildergalerien\/bilder-gruppenschiessen-2018\/\">Zur Bildergalerie<\/a><\/p>\n<p>&nbsp;<\/p>\n<h5 style=\"padding-left: 30px;\">2017<\/h5>\n<p style=\"padding-left: 30px;\"><a href=\"https:\/\/www.sg-roppen.com\/sg\/wp-content\/uploads\/2017\/03\/GrpSch2017.pdf\" target=\"_blank\" rel=\"noopener noreferrer\">Endergebnis Gruppenschie\u00dfen 2017<\/a><\/p>\n<p style=\"padding-left: 30px;\"><a href=\"https:\/\/www.sg-roppen.com\/sg\/schmiede-pepi-gedaechtnisschiessen-2017\/\">Zum Beitrag<\/a><\/p>\n<p style=\"padding-left: 30px;\"><a href=\"https:\/\/www.sg-roppen.com\/sg\/bildergalerien\/bilder-gruppenschiessen-2017\/\">Zur Bildergalerie<\/a><\/p>\n<p>&nbsp;<\/p>\n<h5 style=\"padding-left: 30px;\">2016<\/h5>\n<p style=\"padding-left: 30px;\"><a href=\"https:\/\/www.sg-roppen.com\/sg\/wp-content\/uploads\/2014\/03\/GrpSch2016.pdf\" target=\"_blank\" rel=\"noopener noreferrer\">Endergebnis Gruppenschie\u00dfen 2016<\/a><\/p>\n<p style=\"padding-left: 30px;\"><a href=\"https:\/\/www.sg-roppen.com\/sg\/schmiede-pepi-gedaechtnisschiessen-2016\/\">Zum Beitrag<\/a><\/p>\n<p style=\"padding-left: 30px;\"><a href=\"https:\/\/www.sg-roppen.com\/sg\/bildergalerien\/bilder-gruppenschiessen-2016\/\">Zur Bildergalerie<\/a><\/p>\n<p>&nbsp;<\/p>\n<h5 style=\"padding-left: 30px;\">2015<\/h5>\n<p style=\"padding-left: 30px;\"><a title=\"aktueller Zwischenstand\" href=\"https:\/\/www.sg-roppen.com\/sg\/wp-content\/uploads\/2014\/03\/GrpSch2015.pdf\" target=\"_blank\" rel=\"noopener noreferrer\">Endergebnis Gruppenschie\u00dfen 2015<\/a><\/p>\n<p style=\"padding-left: 30px;\"><a title=\"Gruppenschie\u00dfen 2015\" href=\"https:\/\/www.sg-roppen.com\/sg\/gruppenschiessen-2015\/\">Zum Beitrag<\/a><\/p>\n<p style=\"padding-left: 30px;\"><a title=\"Bilder Gruppenschie\u00dfen 2015\" href=\"https:\/\/www.sg-roppen.com\/sg\/bildergalerien\/bilder-gruppenschiessen-2015\/\">Zur Bildergalerie<\/a><\/p>\n<p>&nbsp;<\/p>\n<h5 style=\"padding-left: 30px;\">2014<\/h5>\n<p style=\"padding-left: 30px;\"><a href=\"https:\/\/www.sg-roppen.com\/sg\/wp-content\/uploads\/2014\/03\/2014_Gruppenschiessen.pdf\">Endergebnis Gruppenschie\u00dfen 2014<\/a><\/p>\n<p style=\"padding-left: 30px;\"><a title=\"Jubil\u00e4umsausgabe Gruppenschie\u00dfen\" href=\"https:\/\/www.sg-roppen.com\/sg\/gruppenschiessen_2014\/\">Zum aktuellen Beitrag<\/a><\/p>\n<p style=\"padding-left: 30px;\"><a title=\"Bilder Gruppenschie\u00dfen 2014\" href=\"https:\/\/www.sg-roppen.com\/sg\/bildergalerien\/gruppenschiessen-2014\/\">Zur Bildergalerie<\/a><\/p>\n<p>&nbsp;<\/p>\n<h5 style=\"padding-left: 30px;\">2013<\/h5>\n<p style=\"padding-left: 30px;\"><a title=\"Endergebnis 2013\" href=\"https:\/\/www.sg-roppen.com\/sg\/wp-content\/uploads\/2014\/02\/2013_Gruppenschiessen.pdf\" target=\"_blank\" rel=\"noopener noreferrer\">Endergebnis Gruppenschie\u00dfen 2013<\/a><\/p>\n","protected":false},"excerpt":{"rendered":"<p>Ergebnisse &#8222;Schmiede Pepi&#8220; Ged\u00e4chtnisschiessen Statistik und Siegerliste Gruppenschie\u00dfen &nbsp; 2026 Endergebnis Gruppenschie\u00dfen 2026 Zum Beitrag Zur Bildergalerie &nbsp; 2025 Endergebnis Gruppenschie\u00dfen 2025 Zum Beitrag Zur Bildergalerie &nbsp; 2023 Endergebnis Gruppenschie\u00dfen 2023 Zum Beitrag Zur&#46;&#46;&#46;<\/p>\n","protected":false},"author":2,"featured_media":0,"parent":180,"menu_order":50,"comment_status":"closed","ping_status":"closed","template":"page-templates\/child-menu.php","meta":{"footnotes":""},"class_list":["post-478","page","type-page","status-publish","hentry"],"_links":{"self":[{"href":"https:\/\/www.sg-roppen.com\/sg\/wp-json\/wp\/v2\/pages\/478","targetHints":{"allow":["GET"]}}],"collection":[{"href":"https:\/\/www.sg-roppen.com\/sg\/wp-json\/wp\/v2\/pages"}],"about":[{"href":"https:\/\/www.sg-roppen.com\/sg\/wp-json\/wp\/v2\/types\/page"}],"author":[{"embeddable":true,"href":"https:\/\/www.sg-roppen.com\/sg\/wp-json\/wp\/v2\/users\/2"}],"replies":[{"embeddable":true,"href":"https:\/\/www.sg-roppen.com\/sg\/wp-json\/wp\/v2\/comments?post=478"}],"version-history":[{"count":66,"href":"https:\/\/www.sg-roppen.com\/sg\/wp-json\/wp\/v2\/pages\/478\/revisions"}],"predecessor-version":[{"id":4989,"href":"https:\/\/www.sg-roppen.com\/sg\/wp-json\/wp\/v2\/pages\/478\/revisions\/4989"}],"up":[{"embeddable":true,"href":"https:\/\/www.sg-roppen.com\/sg\/wp-json\/wp\/v2\/pages\/180"}],"wp:attachment":[{"href":"https:\/\/www.sg-roppen.com\/sg\/wp-json\/wp\/v2\/media?parent=478"}],"curies":[{"name":"wp","href":"https:\/\/api.w.org\/{rel}","templated":true}]}}