{"id":4868,"date":"2026-02-17T16:59:39","date_gmt":"2026-02-17T15:59:39","guid":{"rendered":"https:\/\/www.sg-roppen.com\/sg\/?page_id=4868"},"modified":"2026-02-17T17:12:17","modified_gmt":"2026-02-17T16:12:17","slug":"diverse-informationen","status":"publish","type":"page","link":"https:\/\/www.sg-roppen.com\/sg\/unser-verein\/diverse-informationen\/","title":{"rendered":"Diverse Informationen"},"content":{"rendered":"<p>[dropcap]A[\/dropcap]uf dieser Seite stehen diverse Informationen f\u00fcr unsere Mitglieder zur Verf\u00fcgung.<\/p>\n<p>&nbsp;<\/p>\n<p>&nbsp;<\/p>\n<p>Wir alle freuen uns, wenn wir ein sauberes Schie\u00dflokal betreten k\u00f6nnen. Damit das auch in Zukunft so bleibt, ist jede Sch\u00fctzin und jeder Sch\u00fctze angehalten, sich an der Reinigung zu beteiligen. Hier findet ihr die aktuelle <a href=\"https:\/\/www.sg-roppen.com\/sg\/wp-content\/uploads\/2025\/05\/Putzplan-SGRoppen.pdf\">Arbeitseinteilung<\/a>.<\/p>\n<p>&nbsp;<\/p>\n<p><a href=\"https:\/\/www.sg-roppen.com\/sg\/wp-content\/uploads\/2026\/02\/Arbeitseinteilung-2026.pdf\">Arbeitseinteilung Gruppenschie\u00dfen 2026<\/a>.<\/p>\n","protected":false},"excerpt":{"rendered":"<p>[dropcap]A[\/dropcap]uf dieser Seite stehen diverse Informationen f\u00fcr unsere Mitglieder zur Verf\u00fcgung. &nbsp; &nbsp; Wir alle freuen uns, wenn wir ein sauberes Schie\u00dflokal betreten k\u00f6nnen. Damit das auch in Zukunft so bleibt, ist jede Sch\u00fctzin&#46;&#46;&#46;<\/p>\n","protected":false},"author":2,"featured_media":0,"parent":1132,"menu_order":100,"comment_status":"closed","ping_status":"closed","template":"page-templates\/child-menu.php","meta":{"footnotes":""},"class_list":["post-4868","page","type-page","status-publish","hentry"],"_links":{"self":[{"href":"https:\/\/www.sg-roppen.com\/sg\/wp-json\/wp\/v2\/pages\/4868","targetHints":{"allow":["GET"]}}],"collection":[{"href":"https:\/\/www.sg-roppen.com\/sg\/wp-json\/wp\/v2\/pages"}],"about":[{"href":"https:\/\/www.sg-roppen.com\/sg\/wp-json\/wp\/v2\/types\/page"}],"author":[{"embeddable":true,"href":"https:\/\/www.sg-roppen.com\/sg\/wp-json\/wp\/v2\/users\/2"}],"replies":[{"embeddable":true,"href":"https:\/\/www.sg-roppen.com\/sg\/wp-json\/wp\/v2\/comments?post=4868"}],"version-history":[{"count":3,"href":"https:\/\/www.sg-roppen.com\/sg\/wp-json\/wp\/v2\/pages\/4868\/revisions"}],"predecessor-version":[{"id":4874,"href":"https:\/\/www.sg-roppen.com\/sg\/wp-json\/wp\/v2\/pages\/4868\/revisions\/4874"}],"up":[{"embeddable":true,"href":"https:\/\/www.sg-roppen.com\/sg\/wp-json\/wp\/v2\/pages\/1132"}],"wp:attachment":[{"href":"https:\/\/www.sg-roppen.com\/sg\/wp-json\/wp\/v2\/media?parent=4868"}],"curies":[{"name":"wp","href":"https:\/\/api.w.org\/{rel}","templated":true}]}}