{"id":4904,"date":"2026-02-24T10:41:17","date_gmt":"2026-02-24T09:41:17","guid":{"rendered":"https:\/\/www.sg-roppen.com\/sg\/?page_id=4904"},"modified":"2026-02-24T10:42:10","modified_gmt":"2026-02-24T09:42:10","slug":"nagele-noah","status":"publish","type":"page","link":"https:\/\/www.sg-roppen.com\/sg\/schuetzen\/luftgewehr\/nagele-noah\/","title":{"rendered":"Nagele Noah"},"content":{"rendered":"<div id=\"attachment_4907\" style=\"width: 210px\" class=\"wp-caption alignright\"><img loading=\"lazy\" decoding=\"async\" aria-describedby=\"caption-attachment-4907\" class=\"wp-caption wp-image-4907 size-full\" title=\"Noah Nagele\" src=\"https:\/\/www.sg-roppen.com\/sg\/wp-content\/uploads\/2026\/02\/Noah-Nagele.jpg\" alt=\"\" width=\"200\" height=\"300\" \/><p id=\"caption-attachment-4907\" class=\"wp-caption-text\">Noah Nagele<\/p><\/div>\n<h6>Jahrgang<\/h6>\n<p>2010<\/p>\n<h6>Sportsch\u00fctze seit<\/h6>\n<p>2024<\/p>\n<h6>Sportger\u00e4t<\/h6>\n<p>Feinwerkbau<\/p>\n<h6>pers\u00f6nlicher Rekord<\/h6>\n<p>350,3 \/ 336<\/p>\n<h6>gr\u00f6sste Erfolge<\/h6>\n<ul>\n<li>Rang 3 Bezirksmeisterschaft 2026<\/li>\n<\/ul>\n<p>&nbsp;<\/p>\n","protected":false},"excerpt":{"rendered":"<p>Jahrgang 2010 Sportsch\u00fctze seit 2024 Sportger\u00e4t Feinwerkbau pers\u00f6nlicher Rekord 350,3 \/ 336 gr\u00f6sste Erfolge Rang 3 Bezirksmeisterschaft 2026 &nbsp;<\/p>\n","protected":false},"author":2,"featured_media":0,"parent":216,"menu_order":425,"comment_status":"open","ping_status":"closed","template":"page-templates\/child-menu.php","meta":{"footnotes":""},"class_list":["post-4904","page","type-page","status-publish","hentry"],"_links":{"self":[{"href":"https:\/\/www.sg-roppen.com\/sg\/wp-json\/wp\/v2\/pages\/4904","targetHints":{"allow":["GET"]}}],"collection":[{"href":"https:\/\/www.sg-roppen.com\/sg\/wp-json\/wp\/v2\/pages"}],"about":[{"href":"https:\/\/www.sg-roppen.com\/sg\/wp-json\/wp\/v2\/types\/page"}],"author":[{"embeddable":true,"href":"https:\/\/www.sg-roppen.com\/sg\/wp-json\/wp\/v2\/users\/2"}],"replies":[{"embeddable":true,"href":"https:\/\/www.sg-roppen.com\/sg\/wp-json\/wp\/v2\/comments?post=4904"}],"version-history":[{"count":2,"href":"https:\/\/www.sg-roppen.com\/sg\/wp-json\/wp\/v2\/pages\/4904\/revisions"}],"predecessor-version":[{"id":4909,"href":"https:\/\/www.sg-roppen.com\/sg\/wp-json\/wp\/v2\/pages\/4904\/revisions\/4909"}],"up":[{"embeddable":true,"href":"https:\/\/www.sg-roppen.com\/sg\/wp-json\/wp\/v2\/pages\/216"}],"wp:attachment":[{"href":"https:\/\/www.sg-roppen.com\/sg\/wp-json\/wp\/v2\/media?parent=4904"}],"curies":[{"name":"wp","href":"https:\/\/api.w.org\/{rel}","templated":true}]}}