{"id":51,"date":"2014-02-20T22:12:41","date_gmt":"2014-02-20T21:12:41","guid":{"rendered":"http:\/\/www.sg-roppen.com\/sg\/?page_id=51"},"modified":"2015-12-19T07:48:57","modified_gmt":"2015-12-19T06:48:57","slug":"impressum","status":"publish","type":"page","link":"https:\/\/www.sg-roppen.com\/sg\/impressum\/","title":{"rendered":"Impressum"},"content":{"rendered":"<p><img loading=\"lazy\" decoding=\"async\" class=\"size-medium wp-image-686 alignright\" src=\"https:\/\/www.sg-roppen.com\/sg\/wp-content\/uploads\/2014\/02\/Logo-214x300.jpg\" alt=\"\" width=\"214\" height=\"300\" srcset=\"https:\/\/www.sg-roppen.com\/sg\/wp-content\/uploads\/2014\/02\/Logo-214x300.jpg 214w, https:\/\/www.sg-roppen.com\/sg\/wp-content\/uploads\/2014\/02\/Logo.jpg 227w\" sizes=\"auto, (max-width: 214px) 100vw, 214px\" \/><br \/>\nSch\u00fctzengilde Roppen<br \/>\nKirchplatz 3<br \/>\n6426 Roppen<br \/>\nZVR: 747690697<\/p>\n<h6>Obersch\u00fctzenmeister<\/h6>\n<p>Gebhard Ennemoser<br \/>\nStadtplatz 10\/33<br \/>\n6460 Imst<\/p>\n<h6>F\u00fcr den Inhalt verantwortlich<\/h6>\n<p>OSM Gebhard Ennemoser<\/p>\n<h6>Technische Umsetzung und Administrator<\/h6>\n<p>Hans-Hermann Auer<br \/>\nNeufeld 44<br \/>\n6426 Roppen<\/p>\n<h6>Haftung<\/h6>\n<p>Unser Angebot wird nach bestem Wissen auf dem aktuellen Stand gehalten.<\/p>\n<p>Es kann keine Gew\u00e4hr f\u00fcr die Vollst\u00e4ndigkeit und Richtigkeit von Informationen \u00fcbernommen werden, die \u00fcber weiterf\u00fchrende Links erreicht werden. F\u00fcr Inhalte, die \u00fcber Links von unseren Seiten aus erreichbar sind, liegt die Verantwortung beim jeweiligen Anbieter.<\/p>\n<p>Dieser Server enth\u00e4lt Links zu Seiten au\u00dferhalb dieses Servers im Internet.<\/p>\n<p>F\u00fcr alle Links auf diesen Seiten gilt:<br \/>\nWir stellen ausdr\u00fccklich fest, dass wir keinerlei Einfluss auf die Gestaltung und die Inhalte der verlinkten Seiten haben und \u00fcbernehmen daher auch keine Haftung f\u00fcr diese Seiten inkl. ihrer Unterseiten. Wir stellen weiters fest, dass wir uns durch die Linksetzung zu diesen Seiten ihre Inhalte nicht zu Eigen machen. Diese Erkl\u00e4rung gilt f\u00fcr alle Links, die diesen Server verlassen und f\u00fcr alle Inhalte der Seiten au\u00dferhalb des Servers, zu denen Links oder Banner f\u00fchren.<\/p>\n<p>Falls wir auf Seiten verlinken, deren Inhalt Anlass zur Beanstandung gibt, bitten wir um Mitteilung \u00fcber unser <a title=\"Kontakt\" href=\"https:\/\/www.sg-roppen.com\/sg\/kontakt\/\">Kontaktformular<\/a>.<\/p>\n<h6>Urheberrecht<\/h6>\n<p>Das verwendete Bildmaterial stammt von Ewald Auer, Marie-Theres Auer, Gebhard Ennemoser, Christian Kramer, Friedl Anrain und Hermann Nowotny.<\/p>\n<p>Bilder und Inhalte d\u00fcrfen nicht ohne vorherige ausdr\u00fcckliche schriftliche Genehmigung des jeweiligen Rechteinhabers ver\u00f6ffentlicht oder weiterverbreitet werden. Anfragen zur \u00dcbernahme von Bildern, Texten usw. bitte an die Sch\u00fctzengilde Roppen \u00fcber unser <a title=\"Kontakt\" href=\"https:\/\/www.sg-roppen.com\/sg\/kontakt\/\">Kontaktformular <\/a>richten.<\/p>\n","protected":false},"excerpt":{"rendered":"<p>Sch\u00fctzengilde Roppen Kirchplatz 3 6426 Roppen ZVR: 747690697 Obersch\u00fctzenmeister Gebhard Ennemoser Stadtplatz 10\/33 6460 Imst F\u00fcr den Inhalt verantwortlich OSM Gebhard Ennemoser Technische Umsetzung und Administrator Hans-Hermann Auer Neufeld 44 6426 Roppen Haftung Unser&#46;&#46;&#46;<\/p>\n","protected":false},"author":2,"featured_media":0,"parent":0,"menu_order":0,"comment_status":"closed","ping_status":"closed","template":"","meta":{"footnotes":""},"class_list":["post-51","page","type-page","status-publish","hentry"],"_links":{"self":[{"href":"https:\/\/www.sg-roppen.com\/sg\/wp-json\/wp\/v2\/pages\/51","targetHints":{"allow":["GET"]}}],"collection":[{"href":"https:\/\/www.sg-roppen.com\/sg\/wp-json\/wp\/v2\/pages"}],"about":[{"href":"https:\/\/www.sg-roppen.com\/sg\/wp-json\/wp\/v2\/types\/page"}],"author":[{"embeddable":true,"href":"https:\/\/www.sg-roppen.com\/sg\/wp-json\/wp\/v2\/users\/2"}],"replies":[{"embeddable":true,"href":"https:\/\/www.sg-roppen.com\/sg\/wp-json\/wp\/v2\/comments?post=51"}],"version-history":[{"count":17,"href":"https:\/\/www.sg-roppen.com\/sg\/wp-json\/wp\/v2\/pages\/51\/revisions"}],"predecessor-version":[{"id":2198,"href":"https:\/\/www.sg-roppen.com\/sg\/wp-json\/wp\/v2\/pages\/51\/revisions\/2198"}],"wp:attachment":[{"href":"https:\/\/www.sg-roppen.com\/sg\/wp-json\/wp\/v2\/media?parent=51"}],"curies":[{"name":"wp","href":"https:\/\/api.w.org\/{rel}","templated":true}]}}