{"id":554,"date":"2014-03-13T19:04:18","date_gmt":"2014-03-13T18:04:18","guid":{"rendered":"http:\/\/www.sg-roppen.com\/sg\/?page_id=554"},"modified":"2014-04-26T21:39:28","modified_gmt":"2014-04-26T19:39:28","slug":"gruppenschiessen-2014","status":"publish","type":"page","link":"https:\/\/www.sg-roppen.com\/sg\/bildergalerien\/gruppenschiessen-2014\/","title":{"rendered":"Bilder Gruppenschie\u00dfen 2014"},"content":{"rendered":"<h5>Bildergalerie Schmiede Pepi Ged\u00e4chtnisschie\u00dfen 2014<\/h5>\n\n\t\t<style>\n\t\t\t#gallery-1 {\n\t\t\t\tmargin: auto;\n\t\t\t}\n\t\t\t#gallery-1 .gallery-item {\n\t\t\t\tfloat: left;\n\t\t\t\tmargin-top: 10px;\n\t\t\t\ttext-align: center;\n\t\t\t\twidth: 20%;\n\t\t\t}\n\t\t\t#gallery-1 img {\n\t\t\t\tborder: 2px solid #cfcfcf;\n\t\t\t}\n\t\t\t#gallery-1 .gallery-caption {\n\t\t\t\tmargin-left: 0;\n\t\t\t}\n\t\t\t\/* see gallery_shortcode() in wp-includes\/media.php *\/\n\t\t<\/style>\n\t\t<div id='gallery-1' class='gallery galleryid-554 gallery-columns-5 gallery-size-thumbnail'><dl class='gallery-item'>\n\t\t\t<dt class='gallery-icon landscape'>\n\t\t\t\t<a href='https:\/\/www.sg-roppen.com\/sg\/wp-content\/uploads\/2014\/03\/GruSchie2014_00.jpg' rel=\"lightbox[554]\"><img loading=\"lazy\" decoding=\"async\" width=\"150\" height=\"150\" src=\"https:\/\/www.sg-roppen.com\/sg\/wp-content\/uploads\/2014\/03\/GruSchie2014_00-150x150.jpg\" class=\"attachment-thumbnail size-thumbnail\" alt=\"\" aria-describedby=\"gallery-1-569\" srcset=\"https:\/\/www.sg-roppen.com\/sg\/wp-content\/uploads\/2014\/03\/GruSchie2014_00-150x150.jpg 150w, https:\/\/www.sg-roppen.com\/sg\/wp-content\/uploads\/2014\/03\/GruSchie2014_00-160x160.jpg 160w, https:\/\/www.sg-roppen.com\/sg\/wp-content\/uploads\/2014\/03\/GruSchie2014_00-320x320.jpg 320w\" sizes=\"auto, (max-width: 150px) 100vw, 150px\" \/><\/a>\n\t\t\t<\/dt>\n\t\t\t\t<dd class='wp-caption-text gallery-caption' id='gallery-1-569'>\n\t\t\t\t&#8222;Volles Haus&#8220; beim Finale der Frauen.\n\t\t\t\t<\/dd><\/dl><dl class='gallery-item'>\n\t\t\t<dt class='gallery-icon landscape'>\n\t\t\t\t<a href='https:\/\/www.sg-roppen.com\/sg\/wp-content\/uploads\/2014\/03\/GruSchie2014_03.jpg' rel=\"lightbox[554]\"><img loading=\"lazy\" decoding=\"async\" width=\"150\" height=\"150\" src=\"https:\/\/www.sg-roppen.com\/sg\/wp-content\/uploads\/2014\/03\/GruSchie2014_03-150x150.jpg\" class=\"attachment-thumbnail size-thumbnail\" alt=\"\" aria-describedby=\"gallery-1-572\" srcset=\"https:\/\/www.sg-roppen.com\/sg\/wp-content\/uploads\/2014\/03\/GruSchie2014_03-150x150.jpg 150w, https:\/\/www.sg-roppen.com\/sg\/wp-content\/uploads\/2014\/03\/GruSchie2014_03-160x160.jpg 160w, https:\/\/www.sg-roppen.com\/sg\/wp-content\/uploads\/2014\/03\/GruSchie2014_03-320x320.jpg 320w\" sizes=\"auto, (max-width: 150px) 100vw, 150px\" \/><\/a>\n\t\t\t<\/dt>\n\t\t\t\t<dd class='wp-caption-text gallery-caption' id='gallery-1-572'>\n\t\t\t\tFinaldurchgang Frauen\n\t\t\t\t<\/dd><\/dl><dl class='gallery-item'>\n\t\t\t<dt class='gallery-icon landscape'>\n\t\t\t\t<a href='https:\/\/www.sg-roppen.com\/sg\/wp-content\/uploads\/2014\/03\/GruSchie2014_01.jpg' rel=\"lightbox[554]\"><img loading=\"lazy\" decoding=\"async\" width=\"150\" height=\"150\" src=\"https:\/\/www.sg-roppen.com\/sg\/wp-content\/uploads\/2014\/03\/GruSchie2014_01-150x150.jpg\" class=\"attachment-thumbnail size-thumbnail\" alt=\"\" aria-describedby=\"gallery-1-570\" srcset=\"https:\/\/www.sg-roppen.com\/sg\/wp-content\/uploads\/2014\/03\/GruSchie2014_01-150x150.jpg 150w, https:\/\/www.sg-roppen.com\/sg\/wp-content\/uploads\/2014\/03\/GruSchie2014_01-160x160.jpg 160w, https:\/\/www.sg-roppen.com\/sg\/wp-content\/uploads\/2014\/03\/GruSchie2014_01-320x320.jpg 320w\" sizes=\"auto, (max-width: 150px) 100vw, 150px\" \/><\/a>\n\t\t\t<\/dt>\n\t\t\t\t<dd class='wp-caption-text gallery-caption' id='gallery-1-570'>\n\t\t\t\tFinaldurchgang der M\u00e4nner\n\t\t\t\t<\/dd><\/dl><dl class='gallery-item'>\n\t\t\t<dt class='gallery-icon landscape'>\n\t\t\t\t<a href='https:\/\/www.sg-roppen.com\/sg\/wp-content\/uploads\/2014\/03\/GruSchie2014_02.jpg' rel=\"lightbox[554]\"><img loading=\"lazy\" decoding=\"async\" width=\"150\" height=\"150\" src=\"https:\/\/www.sg-roppen.com\/sg\/wp-content\/uploads\/2014\/03\/GruSchie2014_02-150x150.jpg\" class=\"attachment-thumbnail size-thumbnail\" alt=\"\" srcset=\"https:\/\/www.sg-roppen.com\/sg\/wp-content\/uploads\/2014\/03\/GruSchie2014_02-150x150.jpg 150w, https:\/\/www.sg-roppen.com\/sg\/wp-content\/uploads\/2014\/03\/GruSchie2014_02-160x160.jpg 160w, https:\/\/www.sg-roppen.com\/sg\/wp-content\/uploads\/2014\/03\/GruSchie2014_02-320x320.jpg 320w\" sizes=\"auto, (max-width: 150px) 100vw, 150px\" \/><\/a>\n\t\t\t<\/dt><\/dl><dl class='gallery-item'>\n\t\t\t<dt class='gallery-icon landscape'>\n\t\t\t\t<a href='https:\/\/www.sg-roppen.com\/sg\/wp-content\/uploads\/2014\/03\/GruSchie2014_04.jpg' rel=\"lightbox[554]\"><img loading=\"lazy\" decoding=\"async\" width=\"150\" height=\"150\" src=\"https:\/\/www.sg-roppen.com\/sg\/wp-content\/uploads\/2014\/03\/GruSchie2014_04-150x150.jpg\" class=\"attachment-thumbnail size-thumbnail\" alt=\"\" aria-describedby=\"gallery-1-573\" srcset=\"https:\/\/www.sg-roppen.com\/sg\/wp-content\/uploads\/2014\/03\/GruSchie2014_04-150x150.jpg 150w, https:\/\/www.sg-roppen.com\/sg\/wp-content\/uploads\/2014\/03\/GruSchie2014_04-160x160.jpg 160w, https:\/\/www.sg-roppen.com\/sg\/wp-content\/uploads\/2014\/03\/GruSchie2014_04-320x320.jpg 320w\" sizes=\"auto, (max-width: 150px) 100vw, 150px\" \/><\/a>\n\t\t\t<\/dt>\n\t\t\t\t<dd class='wp-caption-text gallery-caption' id='gallery-1-573'>\n\t\t\t\tGebi hat die elektronische Anlage voll im Griff.\n\t\t\t\t<\/dd><\/dl><br style=\"clear: both\" \/><dl class='gallery-item'>\n\t\t\t<dt class='gallery-icon landscape'>\n\t\t\t\t<a href='https:\/\/www.sg-roppen.com\/sg\/wp-content\/uploads\/2014\/03\/GruSchie2014_05.jpg' rel=\"lightbox[554]\"><img loading=\"lazy\" decoding=\"async\" width=\"150\" height=\"150\" src=\"https:\/\/www.sg-roppen.com\/sg\/wp-content\/uploads\/2014\/03\/GruSchie2014_05-150x150.jpg\" class=\"attachment-thumbnail size-thumbnail\" alt=\"\" aria-describedby=\"gallery-1-574\" srcset=\"https:\/\/www.sg-roppen.com\/sg\/wp-content\/uploads\/2014\/03\/GruSchie2014_05-150x150.jpg 150w, https:\/\/www.sg-roppen.com\/sg\/wp-content\/uploads\/2014\/03\/GruSchie2014_05-160x160.jpg 160w, https:\/\/www.sg-roppen.com\/sg\/wp-content\/uploads\/2014\/03\/GruSchie2014_05-320x320.jpg 320w\" sizes=\"auto, (max-width: 150px) 100vw, 150px\" \/><\/a>\n\t\t\t<\/dt>\n\t\t\t\t<dd class='wp-caption-text gallery-caption' id='gallery-1-574'>\n\t\t\t\tObersch\u00fctzenmeister Gebhard Ennemoser bei der Siegerehrung\n\t\t\t\t<\/dd><\/dl><dl class='gallery-item'>\n\t\t\t<dt class='gallery-icon landscape'>\n\t\t\t\t<a href='https:\/\/www.sg-roppen.com\/sg\/wp-content\/uploads\/2014\/03\/GruSchie2014_06.jpg' rel=\"lightbox[554]\"><img loading=\"lazy\" decoding=\"async\" width=\"150\" height=\"150\" src=\"https:\/\/www.sg-roppen.com\/sg\/wp-content\/uploads\/2014\/03\/GruSchie2014_06-150x150.jpg\" class=\"attachment-thumbnail size-thumbnail\" alt=\"\" aria-describedby=\"gallery-1-575\" srcset=\"https:\/\/www.sg-roppen.com\/sg\/wp-content\/uploads\/2014\/03\/GruSchie2014_06-150x150.jpg 150w, https:\/\/www.sg-roppen.com\/sg\/wp-content\/uploads\/2014\/03\/GruSchie2014_06-160x160.jpg 160w, https:\/\/www.sg-roppen.com\/sg\/wp-content\/uploads\/2014\/03\/GruSchie2014_06-320x320.jpg 320w\" sizes=\"auto, (max-width: 150px) 100vw, 150px\" \/><\/a>\n\t\t\t<\/dt>\n\t\t\t\t<dd class='wp-caption-text gallery-caption' id='gallery-1-575'>\n\t\t\t\tRang 7 Frauen: Wasserwacht\n\t\t\t\t<\/dd><\/dl><dl class='gallery-item'>\n\t\t\t<dt class='gallery-icon landscape'>\n\t\t\t\t<a href='https:\/\/www.sg-roppen.com\/sg\/wp-content\/uploads\/2014\/03\/GruSchie2014_07.jpg' rel=\"lightbox[554]\"><img loading=\"lazy\" decoding=\"async\" width=\"150\" height=\"150\" src=\"https:\/\/www.sg-roppen.com\/sg\/wp-content\/uploads\/2014\/03\/GruSchie2014_07-150x150.jpg\" class=\"attachment-thumbnail size-thumbnail\" alt=\"\" aria-describedby=\"gallery-1-555\" srcset=\"https:\/\/www.sg-roppen.com\/sg\/wp-content\/uploads\/2014\/03\/GruSchie2014_07-150x150.jpg 150w, https:\/\/www.sg-roppen.com\/sg\/wp-content\/uploads\/2014\/03\/GruSchie2014_07-160x160.jpg 160w, https:\/\/www.sg-roppen.com\/sg\/wp-content\/uploads\/2014\/03\/GruSchie2014_07-320x320.jpg 320w\" sizes=\"auto, (max-width: 150px) 100vw, 150px\" \/><\/a>\n\t\t\t<\/dt>\n\t\t\t\t<dd class='wp-caption-text gallery-caption' id='gallery-1-555'>\n\t\t\t\tRang 6 Frauen: &#8222;The Voices&#8220;\n\t\t\t\t<\/dd><\/dl><dl class='gallery-item'>\n\t\t\t<dt class='gallery-icon landscape'>\n\t\t\t\t<a href='https:\/\/www.sg-roppen.com\/sg\/wp-content\/uploads\/2014\/03\/GruSchie2014_08.jpg' rel=\"lightbox[554]\"><img loading=\"lazy\" decoding=\"async\" width=\"150\" height=\"150\" src=\"https:\/\/www.sg-roppen.com\/sg\/wp-content\/uploads\/2014\/03\/GruSchie2014_08-150x150.jpg\" class=\"attachment-thumbnail size-thumbnail\" alt=\"\" aria-describedby=\"gallery-1-556\" srcset=\"https:\/\/www.sg-roppen.com\/sg\/wp-content\/uploads\/2014\/03\/GruSchie2014_08-150x150.jpg 150w, https:\/\/www.sg-roppen.com\/sg\/wp-content\/uploads\/2014\/03\/GruSchie2014_08-160x160.jpg 160w, https:\/\/www.sg-roppen.com\/sg\/wp-content\/uploads\/2014\/03\/GruSchie2014_08-320x320.jpg 320w\" sizes=\"auto, (max-width: 150px) 100vw, 150px\" \/><\/a>\n\t\t\t<\/dt>\n\t\t\t\t<dd class='wp-caption-text gallery-caption' id='gallery-1-556'>\n\t\t\t\tRang 5 Frauen: Sch\u00fctzenkompanie 1\n\t\t\t\t<\/dd><\/dl><dl class='gallery-item'>\n\t\t\t<dt class='gallery-icon landscape'>\n\t\t\t\t<a href='https:\/\/www.sg-roppen.com\/sg\/wp-content\/uploads\/2014\/03\/GruSchie2014_09.jpg' rel=\"lightbox[554]\"><img loading=\"lazy\" decoding=\"async\" width=\"150\" height=\"150\" src=\"https:\/\/www.sg-roppen.com\/sg\/wp-content\/uploads\/2014\/03\/GruSchie2014_09-150x150.jpg\" class=\"attachment-thumbnail size-thumbnail\" alt=\"\" aria-describedby=\"gallery-1-557\" srcset=\"https:\/\/www.sg-roppen.com\/sg\/wp-content\/uploads\/2014\/03\/GruSchie2014_09-150x150.jpg 150w, https:\/\/www.sg-roppen.com\/sg\/wp-content\/uploads\/2014\/03\/GruSchie2014_09-160x160.jpg 160w, https:\/\/www.sg-roppen.com\/sg\/wp-content\/uploads\/2014\/03\/GruSchie2014_09-320x320.jpg 320w\" sizes=\"auto, (max-width: 150px) 100vw, 150px\" \/><\/a>\n\t\t\t<\/dt>\n\t\t\t\t<dd class='wp-caption-text gallery-caption' id='gallery-1-557'>\n\t\t\t\tRang 4 Frauen: &#8222;Noname&#8220;\n\t\t\t\t<\/dd><\/dl><br style=\"clear: both\" \/><dl class='gallery-item'>\n\t\t\t<dt class='gallery-icon landscape'>\n\t\t\t\t<a href='https:\/\/www.sg-roppen.com\/sg\/wp-content\/uploads\/2014\/03\/GruSchie2014_10.jpg' rel=\"lightbox[554]\"><img loading=\"lazy\" decoding=\"async\" width=\"150\" height=\"150\" src=\"https:\/\/www.sg-roppen.com\/sg\/wp-content\/uploads\/2014\/03\/GruSchie2014_10-150x150.jpg\" class=\"attachment-thumbnail size-thumbnail\" alt=\"\" aria-describedby=\"gallery-1-558\" srcset=\"https:\/\/www.sg-roppen.com\/sg\/wp-content\/uploads\/2014\/03\/GruSchie2014_10-150x150.jpg 150w, https:\/\/www.sg-roppen.com\/sg\/wp-content\/uploads\/2014\/03\/GruSchie2014_10-160x160.jpg 160w, https:\/\/www.sg-roppen.com\/sg\/wp-content\/uploads\/2014\/03\/GruSchie2014_10-320x320.jpg 320w\" sizes=\"auto, (max-width: 150px) 100vw, 150px\" \/><\/a>\n\t\t\t<\/dt>\n\t\t\t\t<dd class='wp-caption-text gallery-caption' id='gallery-1-558'>\n\t\t\t\tRang 3 Frauen: Gemeinde\n\t\t\t\t<\/dd><\/dl><dl class='gallery-item'>\n\t\t\t<dt class='gallery-icon landscape'>\n\t\t\t\t<a href='https:\/\/www.sg-roppen.com\/sg\/wp-content\/uploads\/2014\/03\/GruSchie2014_11.jpg' rel=\"lightbox[554]\"><img loading=\"lazy\" decoding=\"async\" width=\"150\" height=\"150\" src=\"https:\/\/www.sg-roppen.com\/sg\/wp-content\/uploads\/2014\/03\/GruSchie2014_11-150x150.jpg\" class=\"attachment-thumbnail size-thumbnail\" alt=\"\" aria-describedby=\"gallery-1-559\" srcset=\"https:\/\/www.sg-roppen.com\/sg\/wp-content\/uploads\/2014\/03\/GruSchie2014_11-150x150.jpg 150w, https:\/\/www.sg-roppen.com\/sg\/wp-content\/uploads\/2014\/03\/GruSchie2014_11-160x160.jpg 160w, https:\/\/www.sg-roppen.com\/sg\/wp-content\/uploads\/2014\/03\/GruSchie2014_11-320x320.jpg 320w\" sizes=\"auto, (max-width: 150px) 100vw, 150px\" \/><\/a>\n\t\t\t<\/dt>\n\t\t\t\t<dd class='wp-caption-text gallery-caption' id='gallery-1-559'>\n\t\t\t\tRang 2 Frauen: Krippenbauverein\n\t\t\t\t<\/dd><\/dl><dl class='gallery-item'>\n\t\t\t<dt class='gallery-icon landscape'>\n\t\t\t\t<a href='https:\/\/www.sg-roppen.com\/sg\/wp-content\/uploads\/2014\/03\/GruSchie2014_12.jpg' rel=\"lightbox[554]\"><img loading=\"lazy\" decoding=\"async\" width=\"150\" height=\"150\" src=\"https:\/\/www.sg-roppen.com\/sg\/wp-content\/uploads\/2014\/03\/GruSchie2014_12-150x150.jpg\" class=\"attachment-thumbnail size-thumbnail\" alt=\"\" aria-describedby=\"gallery-1-560\" srcset=\"https:\/\/www.sg-roppen.com\/sg\/wp-content\/uploads\/2014\/03\/GruSchie2014_12-150x150.jpg 150w, https:\/\/www.sg-roppen.com\/sg\/wp-content\/uploads\/2014\/03\/GruSchie2014_12-160x160.jpg 160w, https:\/\/www.sg-roppen.com\/sg\/wp-content\/uploads\/2014\/03\/GruSchie2014_12-320x320.jpg 320w\" sizes=\"auto, (max-width: 150px) 100vw, 150px\" \/><\/a>\n\t\t\t<\/dt>\n\t\t\t\t<dd class='wp-caption-text gallery-caption' id='gallery-1-560'>\n\t\t\t\tSieger Frauen: &#8222;Schuchter &#038; Co&#8220;\n\t\t\t\t<\/dd><\/dl><dl class='gallery-item'>\n\t\t\t<dt class='gallery-icon landscape'>\n\t\t\t\t<a href='https:\/\/www.sg-roppen.com\/sg\/wp-content\/uploads\/2014\/03\/GruSchie2014_13.jpg' rel=\"lightbox[554]\"><img loading=\"lazy\" decoding=\"async\" width=\"150\" height=\"150\" src=\"https:\/\/www.sg-roppen.com\/sg\/wp-content\/uploads\/2014\/03\/GruSchie2014_13-150x150.jpg\" class=\"attachment-thumbnail size-thumbnail\" alt=\"\" aria-describedby=\"gallery-1-561\" srcset=\"https:\/\/www.sg-roppen.com\/sg\/wp-content\/uploads\/2014\/03\/GruSchie2014_13-150x150.jpg 150w, https:\/\/www.sg-roppen.com\/sg\/wp-content\/uploads\/2014\/03\/GruSchie2014_13-160x160.jpg 160w, https:\/\/www.sg-roppen.com\/sg\/wp-content\/uploads\/2014\/03\/GruSchie2014_13-320x320.jpg 320w\" sizes=\"auto, (max-width: 150px) 100vw, 150px\" \/><\/a>\n\t\t\t<\/dt>\n\t\t\t\t<dd class='wp-caption-text gallery-caption' id='gallery-1-561'>\n\t\t\t\tRang 8 M\u00e4nner: &#8222;Kraut &#038; Ruabn&#8220;\n\t\t\t\t<\/dd><\/dl><dl class='gallery-item'>\n\t\t\t<dt class='gallery-icon landscape'>\n\t\t\t\t<a href='https:\/\/www.sg-roppen.com\/sg\/wp-content\/uploads\/2014\/03\/GruSchie2014_14.jpg' rel=\"lightbox[554]\"><img loading=\"lazy\" decoding=\"async\" width=\"150\" height=\"150\" src=\"https:\/\/www.sg-roppen.com\/sg\/wp-content\/uploads\/2014\/03\/GruSchie2014_14-150x150.jpg\" class=\"attachment-thumbnail size-thumbnail\" alt=\"\" aria-describedby=\"gallery-1-562\" srcset=\"https:\/\/www.sg-roppen.com\/sg\/wp-content\/uploads\/2014\/03\/GruSchie2014_14-150x150.jpg 150w, https:\/\/www.sg-roppen.com\/sg\/wp-content\/uploads\/2014\/03\/GruSchie2014_14-160x160.jpg 160w, https:\/\/www.sg-roppen.com\/sg\/wp-content\/uploads\/2014\/03\/GruSchie2014_14-320x320.jpg 320w\" sizes=\"auto, (max-width: 150px) 100vw, 150px\" \/><\/a>\n\t\t\t<\/dt>\n\t\t\t\t<dd class='wp-caption-text gallery-caption' id='gallery-1-562'>\n\t\t\t\tRang 7 M\u00e4nner: M\u00e4nnerchor\n\t\t\t\t<\/dd><\/dl><br style=\"clear: both\" \/><dl class='gallery-item'>\n\t\t\t<dt class='gallery-icon landscape'>\n\t\t\t\t<a href='https:\/\/www.sg-roppen.com\/sg\/wp-content\/uploads\/2014\/03\/GruSchie2014_15.jpg' rel=\"lightbox[554]\"><img loading=\"lazy\" decoding=\"async\" width=\"150\" height=\"150\" src=\"https:\/\/www.sg-roppen.com\/sg\/wp-content\/uploads\/2014\/03\/GruSchie2014_15-150x150.jpg\" class=\"attachment-thumbnail size-thumbnail\" alt=\"\" aria-describedby=\"gallery-1-563\" srcset=\"https:\/\/www.sg-roppen.com\/sg\/wp-content\/uploads\/2014\/03\/GruSchie2014_15-150x150.jpg 150w, https:\/\/www.sg-roppen.com\/sg\/wp-content\/uploads\/2014\/03\/GruSchie2014_15-160x160.jpg 160w, https:\/\/www.sg-roppen.com\/sg\/wp-content\/uploads\/2014\/03\/GruSchie2014_15-320x320.jpg 320w\" sizes=\"auto, (max-width: 150px) 100vw, 150px\" \/><\/a>\n\t\t\t<\/dt>\n\t\t\t\t<dd class='wp-caption-text gallery-caption' id='gallery-1-563'>\n\t\t\t\tRang 6 M\u00e4nner: Krippenbauverein 1\n\t\t\t\t<\/dd><\/dl><dl class='gallery-item'>\n\t\t\t<dt class='gallery-icon landscape'>\n\t\t\t\t<a href='https:\/\/www.sg-roppen.com\/sg\/wp-content\/uploads\/2014\/03\/GruSchie2014_16.jpg' rel=\"lightbox[554]\"><img loading=\"lazy\" decoding=\"async\" width=\"150\" height=\"150\" src=\"https:\/\/www.sg-roppen.com\/sg\/wp-content\/uploads\/2014\/03\/GruSchie2014_16-150x150.jpg\" class=\"attachment-thumbnail size-thumbnail\" alt=\"\" aria-describedby=\"gallery-1-564\" srcset=\"https:\/\/www.sg-roppen.com\/sg\/wp-content\/uploads\/2014\/03\/GruSchie2014_16-150x150.jpg 150w, https:\/\/www.sg-roppen.com\/sg\/wp-content\/uploads\/2014\/03\/GruSchie2014_16-160x160.jpg 160w, https:\/\/www.sg-roppen.com\/sg\/wp-content\/uploads\/2014\/03\/GruSchie2014_16-320x320.jpg 320w\" sizes=\"auto, (max-width: 150px) 100vw, 150px\" \/><\/a>\n\t\t\t<\/dt>\n\t\t\t\t<dd class='wp-caption-text gallery-caption' id='gallery-1-564'>\n\t\t\t\tRang 5 M\u00e4nner: &#8222;Die Heimatlosen&#8220;\n\t\t\t\t<\/dd><\/dl><dl class='gallery-item'>\n\t\t\t<dt class='gallery-icon landscape'>\n\t\t\t\t<a href='https:\/\/www.sg-roppen.com\/sg\/wp-content\/uploads\/2014\/03\/GruSchie2014_17.jpg' rel=\"lightbox[554]\"><img loading=\"lazy\" decoding=\"async\" width=\"150\" height=\"150\" src=\"https:\/\/www.sg-roppen.com\/sg\/wp-content\/uploads\/2014\/03\/GruSchie2014_17-150x150.jpg\" class=\"attachment-thumbnail size-thumbnail\" alt=\"\" aria-describedby=\"gallery-1-565\" srcset=\"https:\/\/www.sg-roppen.com\/sg\/wp-content\/uploads\/2014\/03\/GruSchie2014_17-150x150.jpg 150w, https:\/\/www.sg-roppen.com\/sg\/wp-content\/uploads\/2014\/03\/GruSchie2014_17-160x160.jpg 160w, https:\/\/www.sg-roppen.com\/sg\/wp-content\/uploads\/2014\/03\/GruSchie2014_17-320x320.jpg 320w\" sizes=\"auto, (max-width: 150px) 100vw, 150px\" \/><\/a>\n\t\t\t<\/dt>\n\t\t\t\t<dd class='wp-caption-text gallery-caption' id='gallery-1-565'>\n\t\t\t\tRang 4 M\u00e4nner: Sch\u00fctzenkompanie 1\n\t\t\t\t<\/dd><\/dl><dl class='gallery-item'>\n\t\t\t<dt class='gallery-icon landscape'>\n\t\t\t\t<a href='https:\/\/www.sg-roppen.com\/sg\/wp-content\/uploads\/2014\/03\/GruSchie2014_18.jpg' rel=\"lightbox[554]\"><img loading=\"lazy\" decoding=\"async\" width=\"150\" height=\"150\" src=\"https:\/\/www.sg-roppen.com\/sg\/wp-content\/uploads\/2014\/03\/GruSchie2014_18-150x150.jpg\" class=\"attachment-thumbnail size-thumbnail\" alt=\"\" aria-describedby=\"gallery-1-566\" srcset=\"https:\/\/www.sg-roppen.com\/sg\/wp-content\/uploads\/2014\/03\/GruSchie2014_18-150x150.jpg 150w, https:\/\/www.sg-roppen.com\/sg\/wp-content\/uploads\/2014\/03\/GruSchie2014_18-160x160.jpg 160w, https:\/\/www.sg-roppen.com\/sg\/wp-content\/uploads\/2014\/03\/GruSchie2014_18-320x320.jpg 320w\" sizes=\"auto, (max-width: 150px) 100vw, 150px\" \/><\/a>\n\t\t\t<\/dt>\n\t\t\t\t<dd class='wp-caption-text gallery-caption' id='gallery-1-566'>\n\t\t\t\tRang 3 M\u00e4nner: Sch\u00fctzenkompanie 3\n\t\t\t\t<\/dd><\/dl><dl class='gallery-item'>\n\t\t\t<dt class='gallery-icon landscape'>\n\t\t\t\t<a href='https:\/\/www.sg-roppen.com\/sg\/wp-content\/uploads\/2014\/03\/GruSchie2014_19.jpg' rel=\"lightbox[554]\"><img loading=\"lazy\" decoding=\"async\" width=\"150\" height=\"150\" src=\"https:\/\/www.sg-roppen.com\/sg\/wp-content\/uploads\/2014\/03\/GruSchie2014_19-150x150.jpg\" class=\"attachment-thumbnail size-thumbnail\" alt=\"\" aria-describedby=\"gallery-1-567\" srcset=\"https:\/\/www.sg-roppen.com\/sg\/wp-content\/uploads\/2014\/03\/GruSchie2014_19-150x150.jpg 150w, https:\/\/www.sg-roppen.com\/sg\/wp-content\/uploads\/2014\/03\/GruSchie2014_19-160x160.jpg 160w, https:\/\/www.sg-roppen.com\/sg\/wp-content\/uploads\/2014\/03\/GruSchie2014_19-320x320.jpg 320w\" sizes=\"auto, (max-width: 150px) 100vw, 150px\" \/><\/a>\n\t\t\t<\/dt>\n\t\t\t\t<dd class='wp-caption-text gallery-caption' id='gallery-1-567'>\n\t\t\t\tRang 2 M\u00e4nner: Familie Melmer\n\t\t\t\t<\/dd><\/dl><br style=\"clear: both\" \/><dl class='gallery-item'>\n\t\t\t<dt class='gallery-icon landscape'>\n\t\t\t\t<a href='https:\/\/www.sg-roppen.com\/sg\/wp-content\/uploads\/2014\/03\/GruSchie2014_20.jpg' rel=\"lightbox[554]\"><img loading=\"lazy\" decoding=\"async\" width=\"150\" height=\"150\" src=\"https:\/\/www.sg-roppen.com\/sg\/wp-content\/uploads\/2014\/03\/GruSchie2014_20-150x150.jpg\" class=\"attachment-thumbnail size-thumbnail\" alt=\"\" aria-describedby=\"gallery-1-568\" srcset=\"https:\/\/www.sg-roppen.com\/sg\/wp-content\/uploads\/2014\/03\/GruSchie2014_20-150x150.jpg 150w, https:\/\/www.sg-roppen.com\/sg\/wp-content\/uploads\/2014\/03\/GruSchie2014_20-160x160.jpg 160w, https:\/\/www.sg-roppen.com\/sg\/wp-content\/uploads\/2014\/03\/GruSchie2014_20-320x320.jpg 320w\" sizes=\"auto, (max-width: 150px) 100vw, 150px\" \/><\/a>\n\t\t\t<\/dt>\n\t\t\t\t<dd class='wp-caption-text gallery-caption' id='gallery-1-568'>\n\t\t\t\tSieger M\u00e4nner: Sch\u00fctzenkompanie 4\n\t\t\t\t<\/dd><\/dl>\n\t\t\t<br style='clear: both' \/>\n\t\t<\/div>\n\n<p><a title=\"Jubil\u00e4umsausgabe Gruppenschie\u00dfen\" href=\"https:\/\/www.sg-roppen.com\/sg\/gruppenschiessen_2014\/\">Zur\u00fcck zum Beitrag<\/a><\/p>\n","protected":false},"excerpt":{"rendered":"<p>Bildergalerie Schmiede Pepi Ged\u00e4chtnisschie\u00dfen 2014 Zur\u00fcck zum Beitrag<\/p>\n","protected":false},"author":2,"featured_media":0,"parent":581,"menu_order":100,"comment_status":"open","ping_status":"closed","template":"page-templates\/child-menu.php","meta":{"footnotes":""},"class_list":["post-554","page","type-page","status-publish","hentry"],"_links":{"self":[{"href":"https:\/\/www.sg-roppen.com\/sg\/wp-json\/wp\/v2\/pages\/554","targetHints":{"allow":["GET"]}}],"collection":[{"href":"https:\/\/www.sg-roppen.com\/sg\/wp-json\/wp\/v2\/pages"}],"about":[{"href":"https:\/\/www.sg-roppen.com\/sg\/wp-json\/wp\/v2\/types\/page"}],"author":[{"embeddable":true,"href":"https:\/\/www.sg-roppen.com\/sg\/wp-json\/wp\/v2\/users\/2"}],"replies":[{"embeddable":true,"href":"https:\/\/www.sg-roppen.com\/sg\/wp-json\/wp\/v2\/comments?post=554"}],"version-history":[{"count":8,"href":"https:\/\/www.sg-roppen.com\/sg\/wp-json\/wp\/v2\/pages\/554\/revisions"}],"predecessor-version":[{"id":596,"href":"https:\/\/www.sg-roppen.com\/sg\/wp-json\/wp\/v2\/pages\/554\/revisions\/596"}],"up":[{"embeddable":true,"href":"https:\/\/www.sg-roppen.com\/sg\/wp-json\/wp\/v2\/pages\/581"}],"wp:attachment":[{"href":"https:\/\/www.sg-roppen.com\/sg\/wp-json\/wp\/v2\/media?parent=554"}],"curies":[{"name":"wp","href":"https:\/\/api.w.org\/{rel}","templated":true}]}}