{"id":664,"date":"2014-03-20T21:10:21","date_gmt":"2014-03-20T20:10:21","guid":{"rendered":"http:\/\/www.sg-roppen.com\/sg\/?page_id=664"},"modified":"2023-02-17T16:56:41","modified_gmt":"2023-02-17T15:56:41","slug":"schauer-arabella","status":"publish","type":"page","link":"https:\/\/www.sg-roppen.com\/sg\/schuetzen\/luftgewehr\/schauer-arabella\/","title":{"rendered":"Prantl Arabella"},"content":{"rendered":"<div id=\"attachment_1365\" style=\"width: 310px\" class=\"wp-caption alignright\"><a href=\"https:\/\/www.sg-roppen.com\/sg\/wp-content\/uploads\/2014\/09\/Arabella.jpg\" rel=\"lightbox[664]\"><img loading=\"lazy\" decoding=\"async\" aria-describedby=\"caption-attachment-1365\" class=\"wp-image-1365 size-medium\" src=\"https:\/\/www.sg-roppen.com\/sg\/wp-content\/uploads\/2014\/09\/Arabella-300x198.jpg\" alt=\"Arabella Schauer\" width=\"300\" height=\"198\" srcset=\"https:\/\/www.sg-roppen.com\/sg\/wp-content\/uploads\/2014\/09\/Arabella-300x198.jpg 300w, https:\/\/www.sg-roppen.com\/sg\/wp-content\/uploads\/2014\/09\/Arabella.jpg 650w\" sizes=\"auto, (max-width: 300px) 100vw, 300px\" \/><\/a><p id=\"caption-attachment-1365\" class=\"wp-caption-text\">Arabella Prantl<\/p><\/div>\n<h6>Jahrgang<\/h6>\n<p>1998<\/p>\n<h6>Sportsch\u00fctze seit<\/h6>\n<p>2011<\/p>\n<h6>Sportger\u00e4t<\/h6>\n<p>Tesro RS100 Basic<\/p>\n<h6>Pers\u00f6nlicher Rekord<\/h6>\n<p>390<\/p>\n<h6>gr\u00f6sste Erfolge<\/h6>\n<ul>\n<li>Rang 21 \u00d6sterreichische Meisterschaft 2017<\/li>\n<li>Rang 24 \u00d6sterreichische Meisterschaft 2016<\/li>\n<li>Rang 2 Bezirksmeisterschaft 2012<\/li>\n<li>Rang 3 Bezirksmeisterschaft 2017<\/li>\n<li>Rang 3 Raiffeisen-Jugendcup 2013\/2014<\/li>\n<li>Rang 4 Bezirksmeisterschaft 2013<\/li>\n<\/ul>\n<h6><\/h6>\n","protected":false},"excerpt":{"rendered":"<p>Jahrgang 1998 Sportsch\u00fctze seit 2011 Sportger\u00e4t Tesro RS100 Basic Pers\u00f6nlicher Rekord 390 gr\u00f6sste Erfolge Rang 21 \u00d6sterreichische Meisterschaft 2017 Rang 24 \u00d6sterreichische Meisterschaft 2016 Rang 2 Bezirksmeisterschaft 2012 Rang 3 Bezirksmeisterschaft 2017 Rang 3&#46;&#46;&#46;<\/p>\n","protected":false},"author":4,"featured_media":0,"parent":216,"menu_order":500,"comment_status":"open","ping_status":"closed","template":"page-templates\/child-menu.php","meta":{"footnotes":""},"class_list":["post-664","page","type-page","status-publish","hentry"],"_links":{"self":[{"href":"https:\/\/www.sg-roppen.com\/sg\/wp-json\/wp\/v2\/pages\/664","targetHints":{"allow":["GET"]}}],"collection":[{"href":"https:\/\/www.sg-roppen.com\/sg\/wp-json\/wp\/v2\/pages"}],"about":[{"href":"https:\/\/www.sg-roppen.com\/sg\/wp-json\/wp\/v2\/types\/page"}],"author":[{"embeddable":true,"href":"https:\/\/www.sg-roppen.com\/sg\/wp-json\/wp\/v2\/users\/4"}],"replies":[{"embeddable":true,"href":"https:\/\/www.sg-roppen.com\/sg\/wp-json\/wp\/v2\/comments?post=664"}],"version-history":[{"count":12,"href":"https:\/\/www.sg-roppen.com\/sg\/wp-json\/wp\/v2\/pages\/664\/revisions"}],"predecessor-version":[{"id":4451,"href":"https:\/\/www.sg-roppen.com\/sg\/wp-json\/wp\/v2\/pages\/664\/revisions\/4451"}],"up":[{"embeddable":true,"href":"https:\/\/www.sg-roppen.com\/sg\/wp-json\/wp\/v2\/pages\/216"}],"wp:attachment":[{"href":"https:\/\/www.sg-roppen.com\/sg\/wp-json\/wp\/v2\/media?parent=664"}],"curies":[{"name":"wp","href":"https:\/\/api.w.org\/{rel}","templated":true}]}}