{"id":902,"date":"2014-06-29T15:09:51","date_gmt":"2014-06-29T13:09:51","guid":{"rendered":"http:\/\/www.sg-roppen.com\/sg\/?page_id=902"},"modified":"2026-04-21T16:51:50","modified_gmt":"2026-04-21T14:51:50","slug":"ab","status":"publish","type":"page","link":"https:\/\/www.sg-roppen.com\/sg\/ergebnisse\/ab\/","title":{"rendered":"Armbrust"},"content":{"rendered":"<h6>Ergebnislisten Armbrust<\/h6>\n<h5 style=\"padding-left: 30px;\">2025<\/h5>\n<p style=\"padding-left: 30px;\"><a href=\"https:\/\/www.sg-roppen.com\/sg\/wp-content\/uploads\/2026\/04\/Ergebnisliste_AO_WC_2025.pdf\" target=\"_blank\" rel=\"noopener\">Austria Open (Internationaler Wettkampf)<\/a><\/p>\n<p style=\"padding-left: 30px;\"><a href=\"https:\/\/www.sg-roppen.com\/sg\/wp-content\/uploads\/2026\/04\/2025_OEM_AB.pdf\">\u00d6sterreichische Meisterschaften<\/a><\/p>\n<p style=\"padding-left: 30px;\"><a href=\"https:\/\/www.sg-roppen.com\/sg\/wp-content\/uploads\/2026\/04\/2025_TM_10m-Armbrust.pdf\">Tiroler Meisterschaft<\/a><\/p>\n<p>&nbsp;<\/p>\n<h5 style=\"padding-left: 30px;\">2024<\/h5>\n<p style=\"padding-left: 30px;\"><a href=\"https:\/\/www.sg-roppen.com\/sg\/wp-content\/uploads\/2026\/04\/2024_iau-austria-open-AB.pdf\" target=\"_blank\" rel=\"noopener\">Austria Open (Internationaler Wettkampf)<\/a><\/p>\n<p style=\"padding-left: 30px;\"><a href=\"https:\/\/www.sg-roppen.com\/sg\/wp-content\/uploads\/2026\/04\/2024_OEM_AB.pdf\">\u00d6sterreichische Meisterschaften<\/a><\/p>\n<p style=\"padding-left: 30px;\"><a href=\"https:\/\/www.sg-roppen.com\/sg\/wp-content\/uploads\/2026\/04\/2024_Ergebnisse_TM_10m_AB.pdf\">Tiroler Meisterschaft<\/a><\/p>\n<p>&nbsp;<\/p>\n<h5 style=\"padding-left: 30px;\">2018<\/h5>\n<p style=\"padding-left: 30px;\"><a href=\"https:\/\/www.sg-roppen.com\/sg\/wp-content\/uploads\/2018\/06\/AustriaOpen2018_gesamt.pdf\" target=\"_blank\" rel=\"noopener\">Austria Open (Internationaler Wettkampf)<\/a><\/p>\n<p style=\"padding-left: 30px;\"><a href=\"https:\/\/www.sg-roppen.com\/sg\/wp-content\/uploads\/2018\/08\/2018_oestm-oem-matcharmbrust-ibk_ergebnisse.pdf\">\u00d6sterreichische Meisterschaften<\/a><\/p>\n<p style=\"padding-left: 30px;\"><a href=\"https:\/\/www.sg-roppen.com\/sg\/wp-content\/uploads\/2018\/08\/2018_Tiroler_Meisterschaft_AB.pdf\">Tiroler Meisterschaft<\/a><\/p>\n<p>&nbsp;<\/p>\n<h5 style=\"padding-left: 30px;\">2017<\/h5>\n<p style=\"padding-left: 30px;\"><a href=\"https:\/\/www.sg-roppen.com\/sg\/wp-content\/uploads\/2014\/06\/2017-06-17_ab-austria-open-ibk_results.pdf\" target=\"_blank\" rel=\"noopener\">Austria Open (Internationaler Wettkampf)<\/a><\/p>\n<p style=\"padding-left: 30px;\"><a href=\"https:\/\/www.sg-roppen.com\/sg\/wp-content\/uploads\/2014\/06\/OEM2017_AB.pdf\" target=\"_blank\" rel=\"noopener\">\u00d6sterreichische Meisterschaften<\/a><\/p>\n<p style=\"padding-left: 30px;\"><a href=\"https:\/\/www.sg-roppen.com\/sg\/wp-content\/uploads\/2017\/06\/TM2017_AB.pdf\" target=\"_blank\" rel=\"noopener\">Tiroler Meisterschaft<\/a><\/p>\n<p>&nbsp;<\/p>\n<h5 style=\"padding-left: 30px;\">2016<\/h5>\n<p style=\"text-align: left; padding-left: 30px;\"><a title=\"Austria Open 2016\" href=\"https:\/\/www.sg-roppen.com\/sg\/wp-content\/uploads\/2014\/06\/Results_AustriaOpen2016.pdf\" target=\"_blank\" rel=\"noopener\">Austria Open (Internationaler Wettkampf)<\/a><\/p>\n<p style=\"text-align: left; padding-left: 30px;\"><a href=\"https:\/\/www.sg-roppen.com\/sg\/wp-content\/uploads\/2014\/06\/Tiroler-Meisterschaft-Armbrust-2016-Ergebnisliste.pdf\" target=\"_blank\" rel=\"noopener\">Tiroler Meisterschaft<\/a><\/p>\n<p>&nbsp;<\/p>\n<h5 style=\"padding-left: 30px;\">2015<\/h5>\n<p style=\"text-align: left; padding-left: 30px;\"><a href=\"https:\/\/www.sg-roppen.com\/sg\/wp-content\/uploads\/2015\/08\/ABM_WM2015.pdf\" target=\"_blank\" rel=\"noopener\">Weltmeisterschaft<\/a><\/p>\n<p style=\"text-align: left; padding-left: 30px;\"><a title=\"Austria Open 2015\" href=\"https:\/\/www.sg-roppen.com\/sg\/wp-content\/uploads\/2014\/06\/Results_AustriaOpen2015.pdf\">Austria Open (Internationaler Wettkampf)<\/a><\/p>\n<p style=\"text-align: left; padding-left: 30px;\"><a href=\"https:\/\/www.sg-roppen.com\/sg\/wp-content\/uploads\/2015\/08\/BaikalCup.pdf\" target=\"_blank\" rel=\"noopener\">Baikal Cup<\/a><\/p>\n<p style=\"text-align: left; padding-left: 30px;\"><a href=\"https:\/\/www.sg-roppen.com\/sg\/wp-content\/uploads\/2015\/08\/Endergebnis-\u00d6STM-Armbrust-2015.pdf\" target=\"_blank\" rel=\"noopener\">\u00d6sterreichische Meisterschaften 2015<\/a><\/p>\n<p style=\"padding-left: 30px;\"><a href=\"https:\/\/www.sg-roppen.com\/sg\/wp-content\/uploads\/2014\/06\/Tiroler-Meisterschaft-Armbrust-2015-Ergebnisliste.pdf\" target=\"_blank\" rel=\"noopener\">Tiroler Meisterschaft<\/a><\/p>\n<p>&nbsp;<\/p>\n<h5 style=\"padding-left: 30px;\">2014<\/h5>\n<p style=\"padding-left: 30px;\"><a title=\"Weltmeisterschaft 2014\" href=\"https:\/\/www.sg-roppen.com\/sg\/wp-content\/uploads\/2014\/08\/ABM_WM2014.pdf\" target=\"_blank\" rel=\"noopener\">Weltmeisterschaft<\/a><\/p>\n<p style=\"padding-left: 30px;\"><a title=\"Austria Open 2014\" href=\"https:\/\/www.sg-roppen.com\/sg\/wp-content\/uploads\/2014\/06\/AustriaOpen2014_Results.pdf\" target=\"_blank\" rel=\"noopener\">Austria Open (Internationaler Wettkampf)<\/a><\/p>\n<p style=\"padding-left: 30px;\"><a title=\"\u00d6sterreichische Meisterschaften 2014\" href=\"https:\/\/www.sg-roppen.com\/sg\/wp-content\/uploads\/2014\/06\/AB_OEM_2014.pdf\" target=\"_blank\" rel=\"noopener\">\u00d6sterreichische Meisterschaften 2014<\/a><\/p>\n<p style=\"padding-left: 30px;\"><a title=\"Tiroler Meisterschaft 2014\" href=\"https:\/\/www.sg-roppen.com\/sg\/wp-content\/uploads\/2014\/06\/AB_LM2014.pdf\" target=\"_blank\" rel=\"noopener\">Tiroler Meisterschaft<\/a><\/p>\n<p>&nbsp;<\/p>\n<h5 style=\"padding-left: 30px;\">2013<\/h5>\n<p style=\"padding-left: 30px;\"><a title=\"Europameisterschaft 2013\" href=\"https:\/\/www.sg-roppen.com\/sg\/wp-content\/uploads\/2014\/06\/Results_Match_Crossbow_Championships_2013.pdf\" target=\"_blank\" rel=\"noopener\">Europameisterschaft<\/a><\/p>\n<p style=\"padding-left: 30px;\"><a title=\"Austria Open 2013\" href=\"https:\/\/www.sg-roppen.com\/sg\/wp-content\/uploads\/2014\/06\/AustriaOpen2013_Results.pdf\" target=\"_blank\" rel=\"noopener\">Austria Open (Internationaler Wettkampf)<\/a><\/p>\n<p style=\"padding-left: 30px;\"><a title=\"\u00d6sterreichische Meisterschaften 2013\" href=\"https:\/\/www.sg-roppen.com\/sg\/wp-content\/uploads\/2014\/06\/AB_OEM_2013.pdf\" target=\"_blank\" rel=\"noopener\">\u00d6sterreichische Meisterschaften 2013<\/a><\/p>\n<p style=\"padding-left: 30px;\"><a title=\"Tiroler Meisterschaft 2013\" href=\"https:\/\/www.sg-roppen.com\/sg\/wp-content\/uploads\/2014\/06\/AB_LM2013.pdf\" target=\"_blank\" rel=\"noopener\">Tiroler Meisterschaft<\/a><\/p>\n<p style=\"padding-left: 30px;\"><a href=\"https:\/\/www.sg-roppen.com\/sg\/wp-content\/uploads\/2014\/06\/Tirolcup2013.pdf\">Tirolcup<\/a><\/p>\n<p>&nbsp;<\/p>\n<h5 style=\"padding-left: 30px;\">\u00e4ltere Ergebnisse<\/h5>\n<p style=\"padding-left: 30px;\"><a title=\"Weltmeisterschaft 2012\" href=\"https:\/\/www.sg-roppen.com\/sg\/wp-content\/uploads\/2014\/06\/r20120829_wch_match_wil.pdf\" target=\"_blank\" rel=\"noopener\">Weltmeisterschaft 2012<\/a><\/p>\n<p style=\"padding-left: 30px;\"><a title=\"Europameisterschaft 2011\" href=\"https:\/\/www.sg-roppen.com\/sg\/wp-content\/uploads\/2014\/06\/EM-2011_Rangliste.pdf\" target=\"_blank\" rel=\"noopener\">Europameisterschaft 2011<\/a><\/p>\n","protected":false},"excerpt":{"rendered":"<p>Ergebnislisten Armbrust 2025 Austria Open (Internationaler Wettkampf) \u00d6sterreichische Meisterschaften Tiroler Meisterschaft &nbsp; 2024 Austria Open (Internationaler Wettkampf) \u00d6sterreichische Meisterschaften Tiroler Meisterschaft &nbsp; 2018 Austria Open (Internationaler Wettkampf) \u00d6sterreichische Meisterschaften Tiroler Meisterschaft &nbsp; 2017 Austria&#46;&#46;&#46;<\/p>\n","protected":false},"author":2,"featured_media":0,"parent":180,"menu_order":40,"comment_status":"closed","ping_status":"closed","template":"page-templates\/child-menu.php","meta":{"footnotes":""},"class_list":["post-902","page","type-page","status-publish","hentry"],"_links":{"self":[{"href":"https:\/\/www.sg-roppen.com\/sg\/wp-json\/wp\/v2\/pages\/902","targetHints":{"allow":["GET"]}}],"collection":[{"href":"https:\/\/www.sg-roppen.com\/sg\/wp-json\/wp\/v2\/pages"}],"about":[{"href":"https:\/\/www.sg-roppen.com\/sg\/wp-json\/wp\/v2\/types\/page"}],"author":[{"embeddable":true,"href":"https:\/\/www.sg-roppen.com\/sg\/wp-json\/wp\/v2\/users\/2"}],"replies":[{"embeddable":true,"href":"https:\/\/www.sg-roppen.com\/sg\/wp-json\/wp\/v2\/comments?post=902"}],"version-history":[{"count":25,"href":"https:\/\/www.sg-roppen.com\/sg\/wp-json\/wp\/v2\/pages\/902\/revisions"}],"predecessor-version":[{"id":5065,"href":"https:\/\/www.sg-roppen.com\/sg\/wp-json\/wp\/v2\/pages\/902\/revisions\/5065"}],"up":[{"embeddable":true,"href":"https:\/\/www.sg-roppen.com\/sg\/wp-json\/wp\/v2\/pages\/180"}],"wp:attachment":[{"href":"https:\/\/www.sg-roppen.com\/sg\/wp-json\/wp\/v2\/media?parent=902"}],"curies":[{"name":"wp","href":"https:\/\/api.w.org\/{rel}","templated":true}]}}